{"id":30544,"date":"2017-02-16T09:13:19","date_gmt":"2017-02-16T08:13:19","guid":{"rendered":"https:\/\/new.chaityfontaine.eu\/home\/"},"modified":"2024-12-12T21:27:51","modified_gmt":"2024-12-12T20:27:51","slug":"home","status":"publish","type":"page","link":"https:\/\/chaityfontaine.eu\/de\/","title":{"rendered":"Willkommen!"},"content":{"rendered":"<h3 style=\"text-align: justify;\">Ein Ort der Geselligkeit<\/h3>\n<p style=\"text-align: justify;\">Chaityfontaine bietet Ihnen zu jeder Jahreszeit verschiedene \u00dcbernachtungs- und Verpflegungsm\u00f6glichkeiten, ob auf der Durchreise, bei einem Tagesausflug oder f\u00fcr eine oder mehrere N\u00e4chte.<\/p>\n<h3 style=\"text-align: center;\"><a href=\"https:\/\/chaityfontaine.eu\/de\/dienste\/\" target=\"_blank\" rel=\"noopener\"><strong>&gt;&gt;&gt; Entdecken Sie unsere Einrichtungen<\/strong><\/a><\/h3>\n<h3 style=\"text-align: center;\"><a href=\"https:\/\/chaityfontaine.eu\/tarifs\/\" target=\"_blank\" rel=\"noopener\"><strong>&gt;&gt;&gt; Entdecken Sie unsere Tarife<\/strong><\/a><\/h3>\n<p><img loading=\"lazy\" decoding=\"async\" class=\"aligncenter size-large wp-image-30863\" src=\"https:\/\/chaityfontaine.eu\/wp-content\/uploads\/2024\/11\/2024-11-06-Chaityfontaine-hotel-2-etoiles-1-Site-1200px-1024x681.jpg\" alt=\"\" width=\"843\" height=\"561\" srcset=\"https:\/\/chaityfontaine.eu\/wp-content\/uploads\/2024\/11\/2024-11-06-Chaityfontaine-hotel-2-etoiles-1-Site-1200px-1024x681.jpg 1024w, https:\/\/chaityfontaine.eu\/wp-content\/uploads\/2024\/11\/2024-11-06-Chaityfontaine-hotel-2-etoiles-1-Site-1200px-300x200.jpg 300w, https:\/\/chaityfontaine.eu\/wp-content\/uploads\/2024\/11\/2024-11-06-Chaityfontaine-hotel-2-etoiles-1-Site-1200px-768x511.jpg 768w, https:\/\/chaityfontaine.eu\/wp-content\/uploads\/2024\/11\/2024-11-06-Chaityfontaine-hotel-2-etoiles-1-Site-1200px.jpg 1200w\" sizes=\"auto, (max-width: 843px) 100vw, 843px\" \/><\/p>\n<p style=\"text-align: center;\"><img loading=\"lazy\" decoding=\"async\" class=\"alignnone size-full wp-image-29643\" src=\"https:\/\/chaityfontaine.eu\/wp-content\/uploads\/2024\/01\/Logo-Chaityfontaine-sans-texte.png\" alt=\"\" width=\"153\" height=\"74\" srcset=\"https:\/\/chaityfontaine.eu\/wp-content\/uploads\/2024\/01\/Logo-Chaityfontaine-sans-texte.png 153w, https:\/\/chaityfontaine.eu\/wp-content\/uploads\/2024\/01\/Logo-Chaityfontaine-sans-texte-150x74.png 150w\" sizes=\"auto, (max-width: 153px) 100vw, 153px\" \/><\/p>\n<h3 style=\"text-align: justify;\">Eine Region reich an Aktivit\u00e4ten<\/h3>\n<p style=\"text-align: justify;\">F\u00fcr Ihren Aufenthalt von einem Tag oder mehr ist unsere Region voller Aktivit\u00e4ten, ob touristisch, folkloristisch, kulturell, Gourmet, religi\u00f6s, sportlich, in der Natur, &#8230;<\/p>\n<p style=\"text-align: center;\"><a href=\"https:\/\/chaityfontaine.eu\/de\/region\/\" target=\"_blank\" rel=\"noopener\"><strong>&gt;&gt;&gt; Entdecken Sie die\u00a0nahe gelegenen Aktivit\u00e4ten!<\/strong><\/a><\/p>\n<p style=\"text-align: center;\"><img loading=\"lazy\" decoding=\"async\" class=\"alignnone size-full wp-image-29643\" src=\"https:\/\/chaityfontaine.eu\/wp-content\/uploads\/2024\/01\/Logo-Chaityfontaine-sans-texte.png\" alt=\"\" width=\"153\" height=\"74\" srcset=\"https:\/\/chaityfontaine.eu\/wp-content\/uploads\/2024\/01\/Logo-Chaityfontaine-sans-texte.png 153w, https:\/\/chaityfontaine.eu\/wp-content\/uploads\/2024\/01\/Logo-Chaityfontaine-sans-texte-150x74.png 150w\" sizes=\"auto, (max-width: 153px) 100vw, 153px\" \/><\/p>\n<h3 style=\"text-align: justify;\">Ein gro\u00dfes Haus mitten im Gr\u00fcnen<\/h3>\n<p style=\"text-align: justify;\">Unser G\u00e4stehaus ist 200 Meter vom Wallfahrtsort Banneux entfernt. Es bietet eine praktische Infrastruktur und Tagungsr\u00e4ume. Unser freundliches Mitarbeiterteam garantiert einen erholsamen Aufenthalt und eine erfolgreiche Aktivit\u00e4t. Sie k\u00f6nnen privat oder in einer Gruppe bei uns unterkommen. Das Haus ist behindertengerecht eingerichtet.<\/p>\n<p style=\"text-align: center;\"><a href=\"https:\/\/chaityfontaine.eu\/de\/dienste\/\" target=\"_blank\" rel=\"noopener\"><strong>&gt;&gt;&gt; <\/strong><\/a><strong><a href=\"https:\/\/chaityfontaine.eu\/de\/dienste\/\" target=\"_blank\" rel=\"noopener\">Entdecken Sie unsere Einrichtungen<\/a><\/strong><\/p>\n<p style=\"text-align: center;\"><a href=\"https:\/\/chaityfontaine.eu\/tarifs\/\" target=\"_blank\" rel=\"noopener\"><strong>&gt;&gt;&gt; <\/strong><\/a><strong><a href=\"https:\/\/chaityfontaine.eu\/tarifs\/\" target=\"_blank\" rel=\"noopener\">Entdecken Sie unsere Tarife<\/a><\/strong><\/p>\n<p>&nbsp;<\/p>\n<p><img loading=\"lazy\" decoding=\"async\" class=\"size-full wp-image-29647 aligncenter\" src=\"https:\/\/chaityfontaine.eu\/wp-content\/uploads\/2024\/01\/cropped-Logo-Chaityfontaine-sans-texte.png\" alt=\"\" width=\"153\" height=\"74\" srcset=\"https:\/\/chaityfontaine.eu\/wp-content\/uploads\/2024\/01\/cropped-Logo-Chaityfontaine-sans-texte.png 153w, https:\/\/chaityfontaine.eu\/wp-content\/uploads\/2024\/01\/cropped-Logo-Chaityfontaine-sans-texte-150x74.png 150w\" sizes=\"auto, (max-width: 153px) 100vw, 153px\" \/><\/p>\n<h1 style=\"text-align: center;\"><a href=\"https:\/\/reservations.cubilis.eu\/chaityfontaine-pepinster?language=de-DE\" target=\"_blank\" rel=\"noopener\"><strong>Buchen Sie jetzt!<\/strong><\/a><\/h1>\n<p><script type='text\/javascript' src='https:\/\/static.cubilis.eu\/js\/ratebox.bundle.js'><\/script><br \/>\n<script type='text\/javascript'>\nvar rb = new Ratebox({IBEUrl: 'chaityfontaine-pepinster', key: '7e735019-fedc-4f47-ad4d-e8f743a6229e', locale: 'de' });\n    <\/script><\/p>\n","protected":false},"excerpt":{"rendered":"<p>Ein Ort der Geselligkeit Chaityfontaine bietet Ihnen zu jeder Jahreszeit verschiedene \u00dcbernachtungs- und Verpflegungsm\u00f6glichkeiten, ob auf der Durchreise, bei einem Tagesausflug oder f\u00fcr eine oder&hellip;<\/p>\n","protected":false},"author":1,"featured_media":29969,"parent":0,"menu_order":0,"comment_status":"closed","ping_status":"closed","template":"","meta":{"footnotes":""},"class_list":["post-30544","page","type-page","status-publish","has-post-thumbnail","hentry"],"yoast_head":"<!-- This site is optimized with the Yoast SEO plugin v27.0 - https:\/\/yoast.com\/product\/yoast-seo-wordpress\/ -->\n<title>Willkommen! - Chaityfontaine<\/title>\n<meta name=\"description\" content=\"Ein Ort der Geselligkeit. Eine Region reich an Aktivit\u00e4ten. Ein gro\u00dfes Haus mitten im Gr\u00fcnen, Chaityfontaine!\" \/>\n<meta name=\"robots\" content=\"index, follow, max-snippet:-1, max-image-preview:large, max-video-preview:-1\" \/>\n<link rel=\"canonical\" href=\"https:\/\/chaityfontaine.eu\/de\/\" \/>\n<meta property=\"og:locale\" content=\"de_DE\" \/>\n<meta property=\"og:type\" content=\"article\" \/>\n<meta property=\"og:title\" content=\"Willkommen! - Chaityfontaine\" \/>\n<meta property=\"og:description\" content=\"Ein Ort der Geselligkeit. Eine Region reich an Aktivit\u00e4ten. Ein gro\u00dfes Haus mitten im Gr\u00fcnen, Chaityfontaine!\" \/>\n<meta property=\"og:url\" content=\"https:\/\/chaityfontaine.eu\/de\/\" \/>\n<meta property=\"og:site_name\" content=\"Chaityfontaine\" \/>\n<meta property=\"article:modified_time\" content=\"2024-12-12T20:27:51+00:00\" \/>\n<meta property=\"og:image\" content=\"https:\/\/chaityfontaine.eu\/wp-content\/uploads\/2017\/01\/2600x1000_1400x700_acf_cropped.jpg\" \/>\n\t<meta property=\"og:image:width\" content=\"1400\" \/>\n\t<meta property=\"og:image:height\" content=\"700\" \/>\n\t<meta property=\"og:image:type\" content=\"image\/jpeg\" \/>\n<meta name=\"twitter:card\" content=\"summary_large_image\" \/>\n<meta name=\"twitter:label1\" content=\"Gesch\u00e4tzte Lesezeit\" \/>\n\t<meta name=\"twitter:data1\" content=\"2\u00a0Minuten\" \/>\n<script type=\"application\/ld+json\" class=\"yoast-schema-graph\">{\"@context\":\"https:\/\/schema.org\",\"@graph\":[{\"@type\":\"WebPage\",\"@id\":\"https:\/\/chaityfontaine.eu\/de\/\",\"url\":\"https:\/\/chaityfontaine.eu\/de\/\",\"name\":\"Willkommen! - Chaityfontaine\",\"isPartOf\":{\"@id\":\"https:\/\/chaityfontaine.eu\/de\/#website\"},\"primaryImageOfPage\":{\"@id\":\"https:\/\/chaityfontaine.eu\/de\/#primaryimage\"},\"image\":{\"@id\":\"https:\/\/chaityfontaine.eu\/de\/#primaryimage\"},\"thumbnailUrl\":\"https:\/\/chaityfontaine.eu\/wp-content\/uploads\/2017\/01\/2600x1000_1400x700_acf_cropped.jpg\",\"datePublished\":\"2017-02-16T08:13:19+00:00\",\"dateModified\":\"2024-12-12T20:27:51+00:00\",\"description\":\"Ein Ort der Geselligkeit. Eine Region reich an Aktivit\u00e4ten. Ein gro\u00dfes Haus mitten im Gr\u00fcnen, Chaityfontaine!\",\"breadcrumb\":{\"@id\":\"https:\/\/chaityfontaine.eu\/de\/#breadcrumb\"},\"inLanguage\":\"de\",\"potentialAction\":[{\"@type\":\"ReadAction\",\"target\":[\"https:\/\/chaityfontaine.eu\/de\/\"]}]},{\"@type\":\"ImageObject\",\"inLanguage\":\"de\",\"@id\":\"https:\/\/chaityfontaine.eu\/de\/#primaryimage\",\"url\":\"https:\/\/chaityfontaine.eu\/wp-content\/uploads\/2017\/01\/2600x1000_1400x700_acf_cropped.jpg\",\"contentUrl\":\"https:\/\/chaityfontaine.eu\/wp-content\/uploads\/2017\/01\/2600x1000_1400x700_acf_cropped.jpg\",\"width\":1400,\"height\":700},{\"@type\":\"BreadcrumbList\",\"@id\":\"https:\/\/chaityfontaine.eu\/de\/#breadcrumb\",\"itemListElement\":[{\"@type\":\"ListItem\",\"position\":1,\"name\":\"Accueil\",\"item\":\"https:\/\/chaityfontaine.eu\/de\/\"},{\"@type\":\"ListItem\",\"position\":2,\"name\":\"Willkommen!\"}]},{\"@type\":\"WebSite\",\"@id\":\"https:\/\/chaityfontaine.eu\/de\/#website\",\"url\":\"https:\/\/chaityfontaine.eu\/de\/\",\"name\":\"Chaityfontaine\",\"description\":\"H\u00f4tel ** - Banneux\",\"publisher\":{\"@id\":\"https:\/\/chaityfontaine.eu\/de\/#organization\"},\"potentialAction\":[{\"@type\":\"SearchAction\",\"target\":{\"@type\":\"EntryPoint\",\"urlTemplate\":\"https:\/\/chaityfontaine.eu\/de\/?s={search_term_string}\"},\"query-input\":{\"@type\":\"PropertyValueSpecification\",\"valueRequired\":true,\"valueName\":\"search_term_string\"}}],\"inLanguage\":\"de\"},{\"@type\":\"Organization\",\"@id\":\"https:\/\/chaityfontaine.eu\/de\/#organization\",\"name\":\"Chaityfontaine\",\"url\":\"https:\/\/chaityfontaine.eu\/de\/\",\"logo\":{\"@type\":\"ImageObject\",\"inLanguage\":\"de\",\"@id\":\"https:\/\/chaityfontaine.eu\/de\/#\/schema\/logo\/image\/\",\"url\":\"https:\/\/chaityfontaine.eu\/wp-content\/uploads\/2024\/01\/cropped-Logo-Chaityfontaine-sans-texte.png\",\"contentUrl\":\"https:\/\/chaityfontaine.eu\/wp-content\/uploads\/2024\/01\/cropped-Logo-Chaityfontaine-sans-texte.png\",\"width\":153,\"height\":74,\"caption\":\"Chaityfontaine\"},\"image\":{\"@id\":\"https:\/\/chaityfontaine.eu\/de\/#\/schema\/logo\/image\/\"}}]}<\/script>\n<!-- \/ Yoast SEO plugin. -->","yoast_head_json":{"title":"Willkommen! - Chaityfontaine","description":"Ein Ort der Geselligkeit. Eine Region reich an Aktivit\u00e4ten. Ein gro\u00dfes Haus mitten im Gr\u00fcnen, Chaityfontaine!","robots":{"index":"index","follow":"follow","max-snippet":"max-snippet:-1","max-image-preview":"max-image-preview:large","max-video-preview":"max-video-preview:-1"},"canonical":"https:\/\/chaityfontaine.eu\/de\/","og_locale":"de_DE","og_type":"article","og_title":"Willkommen! - Chaityfontaine","og_description":"Ein Ort der Geselligkeit. Eine Region reich an Aktivit\u00e4ten. Ein gro\u00dfes Haus mitten im Gr\u00fcnen, Chaityfontaine!","og_url":"https:\/\/chaityfontaine.eu\/de\/","og_site_name":"Chaityfontaine","article_modified_time":"2024-12-12T20:27:51+00:00","og_image":[{"width":1400,"height":700,"url":"https:\/\/chaityfontaine.eu\/wp-content\/uploads\/2017\/01\/2600x1000_1400x700_acf_cropped.jpg","type":"image\/jpeg"}],"twitter_card":"summary_large_image","twitter_misc":{"Gesch\u00e4tzte Lesezeit":"2\u00a0Minuten"},"schema":{"@context":"https:\/\/schema.org","@graph":[{"@type":"WebPage","@id":"https:\/\/chaityfontaine.eu\/de\/","url":"https:\/\/chaityfontaine.eu\/de\/","name":"Willkommen! - Chaityfontaine","isPartOf":{"@id":"https:\/\/chaityfontaine.eu\/de\/#website"},"primaryImageOfPage":{"@id":"https:\/\/chaityfontaine.eu\/de\/#primaryimage"},"image":{"@id":"https:\/\/chaityfontaine.eu\/de\/#primaryimage"},"thumbnailUrl":"https:\/\/chaityfontaine.eu\/wp-content\/uploads\/2017\/01\/2600x1000_1400x700_acf_cropped.jpg","datePublished":"2017-02-16T08:13:19+00:00","dateModified":"2024-12-12T20:27:51+00:00","description":"Ein Ort der Geselligkeit. Eine Region reich an Aktivit\u00e4ten. Ein gro\u00dfes Haus mitten im Gr\u00fcnen, Chaityfontaine!","breadcrumb":{"@id":"https:\/\/chaityfontaine.eu\/de\/#breadcrumb"},"inLanguage":"de","potentialAction":[{"@type":"ReadAction","target":["https:\/\/chaityfontaine.eu\/de\/"]}]},{"@type":"ImageObject","inLanguage":"de","@id":"https:\/\/chaityfontaine.eu\/de\/#primaryimage","url":"https:\/\/chaityfontaine.eu\/wp-content\/uploads\/2017\/01\/2600x1000_1400x700_acf_cropped.jpg","contentUrl":"https:\/\/chaityfontaine.eu\/wp-content\/uploads\/2017\/01\/2600x1000_1400x700_acf_cropped.jpg","width":1400,"height":700},{"@type":"BreadcrumbList","@id":"https:\/\/chaityfontaine.eu\/de\/#breadcrumb","itemListElement":[{"@type":"ListItem","position":1,"name":"Accueil","item":"https:\/\/chaityfontaine.eu\/de\/"},{"@type":"ListItem","position":2,"name":"Willkommen!"}]},{"@type":"WebSite","@id":"https:\/\/chaityfontaine.eu\/de\/#website","url":"https:\/\/chaityfontaine.eu\/de\/","name":"Chaityfontaine","description":"H\u00f4tel ** - Banneux","publisher":{"@id":"https:\/\/chaityfontaine.eu\/de\/#organization"},"potentialAction":[{"@type":"SearchAction","target":{"@type":"EntryPoint","urlTemplate":"https:\/\/chaityfontaine.eu\/de\/?s={search_term_string}"},"query-input":{"@type":"PropertyValueSpecification","valueRequired":true,"valueName":"search_term_string"}}],"inLanguage":"de"},{"@type":"Organization","@id":"https:\/\/chaityfontaine.eu\/de\/#organization","name":"Chaityfontaine","url":"https:\/\/chaityfontaine.eu\/de\/","logo":{"@type":"ImageObject","inLanguage":"de","@id":"https:\/\/chaityfontaine.eu\/de\/#\/schema\/logo\/image\/","url":"https:\/\/chaityfontaine.eu\/wp-content\/uploads\/2024\/01\/cropped-Logo-Chaityfontaine-sans-texte.png","contentUrl":"https:\/\/chaityfontaine.eu\/wp-content\/uploads\/2024\/01\/cropped-Logo-Chaityfontaine-sans-texte.png","width":153,"height":74,"caption":"Chaityfontaine"},"image":{"@id":"https:\/\/chaityfontaine.eu\/de\/#\/schema\/logo\/image\/"}}]}},"jetpack_sharing_enabled":true,"_links":{"self":[{"href":"https:\/\/chaityfontaine.eu\/de\/wp-json\/wp\/v2\/pages\/30544","targetHints":{"allow":["GET"]}}],"collection":[{"href":"https:\/\/chaityfontaine.eu\/de\/wp-json\/wp\/v2\/pages"}],"about":[{"href":"https:\/\/chaityfontaine.eu\/de\/wp-json\/wp\/v2\/types\/page"}],"author":[{"embeddable":true,"href":"https:\/\/chaityfontaine.eu\/de\/wp-json\/wp\/v2\/users\/1"}],"replies":[{"embeddable":true,"href":"https:\/\/chaityfontaine.eu\/de\/wp-json\/wp\/v2\/comments?post=30544"}],"version-history":[{"count":11,"href":"https:\/\/chaityfontaine.eu\/de\/wp-json\/wp\/v2\/pages\/30544\/revisions"}],"predecessor-version":[{"id":30899,"href":"https:\/\/chaityfontaine.eu\/de\/wp-json\/wp\/v2\/pages\/30544\/revisions\/30899"}],"wp:featuredmedia":[{"embeddable":true,"href":"https:\/\/chaityfontaine.eu\/de\/wp-json\/wp\/v2\/media\/29969"}],"wp:attachment":[{"href":"https:\/\/chaityfontaine.eu\/de\/wp-json\/wp\/v2\/media?parent=30544"}],"curies":[{"name":"wp","href":"https:\/\/api.w.org\/{rel}","templated":true}]}}