{"id":30593,"date":"2024-01-05T16:19:40","date_gmt":"2024-01-05T15:19:40","guid":{"rendered":"https:\/\/new.chaityfontaine.eu\/region\/balades-et-randonnees\/"},"modified":"2024-02-19T11:10:11","modified_gmt":"2024-02-19T10:10:11","slug":"wanderungen","status":"publish","type":"page","link":"https:\/\/chaityfontaine.eu\/de\/region\/wanderungen\/","title":{"rendered":"Wanderungen"},"content":{"rendered":"<h2 class=\"titre ng-isolate-scope fade-in-when-visible\">Zu Fu\u00df und mit dem Fahrrad<\/h2>\n<div class=\"texte ng-isolate-scope fade-in-when-visible\">\n<ul>\n<li style=\"text-align: justify;\">Wanderm\u00f6glichkeiten in den umliegenden W\u00e4ldern: Karten sind an der Rezeption von Chaityfontaine erh\u00e4ltlich<\/li>\n<li style=\"text-align: justify;\">Der l\u00e4ngste <a href=\"https:\/\/lareid.be\/la-charmille\/\" target=\"_blank\" rel=\"noopener\">Charmille<\/a> Europas (573 m) befindet sich in La Reid: 12 km<\/li>\n<li style=\"text-align: justify;\">Die ber\u00fchmte <a href=\"http:\/\/www.ninglinspo.net\/\" target=\"_blank\" rel=\"noopener\">Ninglinspo<\/a>-Promenade, ein Gebirgsbach, der in die Amel in Sedoz m\u00fcndet (Nonceveux): 7,2 km<\/li>\n<li style=\"text-align: justify;\">Der Wanderweg GR5 f\u00fchrt an Chaityfontaine vorbei<\/li>\n<li style=\"text-align: justify;\">Das Heiligtum befindet sich auf der Strecke zwischen den <a href=\"https:\/\/www.liegetourisme.be\/parcours-pointsnoeuds\" target=\"_blank\" rel=\"noopener\">Knotenpunkten<\/a> 38 und 44 des von der Provinz L\u00fcttich ausgeschilderten Fahrradnetzes<\/li>\n<\/ul>\n<\/div>\n<style type=\"text\/css\">\n#foogallery-gallery-30379.fg-justified .fg-item { margin-right: 2px; margin-bottom: 2px; }\n#foogallery-gallery-30379.fg-justified .fg-image { height: 200px; }<\/style>\n\t\t\t<div class=\"foogallery foogallery-container foogallery-justified foogallery-lightbox-foogallery fg-justified fg-ready fg-light fg-border-thin fg-round-small fg-shadow-outline fg-loading-default fg-loaded-fade-in fg-caption-always fg-hover-fade fg-hover-zoom2\" id=\"foogallery-gallery-30379\" data-foogallery=\"{&quot;item&quot;:{&quot;showCaptionTitle&quot;:true,&quot;showCaptionDescription&quot;:false},&quot;lazy&quot;:true,&quot;template&quot;:{&quot;rowHeight&quot;:200,&quot;maxRowHeight&quot;:300,&quot;margins&quot;:2,&quot;align&quot;:&quot;center&quot;,&quot;lastRow&quot;:&quot;smart&quot;}}\" data-foogallery-lightbox=\"{&quot;thumbs&quot;:&quot;bottom&quot;,&quot;thumbsCaptions&quot;:false,&quot;thumbsBestFit&quot;:false,&quot;thumbsSmall&quot;:false,&quot;thumbsCaptionsAlign&quot;:&quot;default&quot;,&quot;info&quot;:&quot;bottom&quot;,&quot;infoVisible&quot;:true,&quot;infoOverlay&quot;:true,&quot;infoAlign&quot;:&quot;default&quot;,&quot;transition&quot;:&quot;fade&quot;,&quot;hoverButtons&quot;:false,&quot;fitMedia&quot;:false,&quot;noScrollbars&quot;:true,&quot;preserveButtonSpace&quot;:true,&quot;buttons&quot;:{&quot;fullscreen&quot;:true,&quot;info&quot;:true,&quot;thumbs&quot;:false},&quot;video&quot;:{&quot;autoPlay&quot;:true}}\" style=\"--fg-title-line-clamp: 0; --fg-description-line-clamp: 0;\" >\n\t<div class=\"fg-item fg-type-image fg-idle\"><figure class=\"fg-item-inner\"><a href=\"https:\/\/chaityfontaine.eu\/wp-content\/uploads\/2023\/05\/Grande-randonnee.jpg\" data-attachment-id=\"29837\" data-type=\"image\" class=\"fg-thumb\"><span class=\"fg-image-wrap\"><img fetchpriority=\"high\" decoding=\"async\" height=\"300\" width=\"360\" class=\"skip-lazy fg-image\" data-src-fg=\"https:\/\/chaityfontaine.eu\/wp-content\/uploads\/cache\/2023\/05\/Grande-randonnee\/1183258188.jpg\" src=\"data:image\/svg+xml,%3Csvg%20xmlns%3D%22http%3A%2F%2Fwww.w3.org%2F2000%2Fsvg%22%20width%3D%22360%22%20height%3D%22300%22%20viewBox%3D%220%200%20360%20300%22%3E%3C%2Fsvg%3E\" loading=\"eager\"><\/span><span class=\"fg-image-overlay\"><\/span><\/a><\/figure><div class=\"fg-loader\"><\/div><\/div><div class=\"fg-item fg-type-image fg-idle\"><figure class=\"fg-item-inner\"><a href=\"https:\/\/chaityfontaine.eu\/wp-content\/uploads\/2023\/05\/Points-noeuds.jpg\" data-attachment-id=\"29897\" data-type=\"image\" class=\"fg-thumb\"><span class=\"fg-image-wrap\"><img decoding=\"async\" height=\"300\" width=\"533.33333333333\" class=\"skip-lazy fg-image\" data-src-fg=\"https:\/\/chaityfontaine.eu\/wp-content\/uploads\/2023\/05\/Points-noeuds.jpg\" src=\"data:image\/svg+xml,%3Csvg%20xmlns%3D%22http%3A%2F%2Fwww.w3.org%2F2000%2Fsvg%22%20width%3D%22533.33333333333%22%20height%3D%22300%22%20viewBox%3D%220%200%20533.33333333333%20300%22%3E%3C%2Fsvg%3E\" loading=\"eager\"><\/span><span class=\"fg-image-overlay\"><\/span><\/a><\/figure><div class=\"fg-loader\"><\/div><\/div><div class=\"fg-item fg-type-image fg-idle\"><figure class=\"fg-item-inner\"><a href=\"https:\/\/chaityfontaine.eu\/wp-content\/uploads\/2023\/05\/Ninglinspo-c-Ninglinspo.net-1200px.png\" data-attachment-id=\"29865\" data-type=\"image\" class=\"fg-thumb\"><span class=\"fg-image-wrap\"><img decoding=\"async\" height=\"300\" width=\"561\" class=\"skip-lazy fg-image\" data-src-fg=\"https:\/\/chaityfontaine.eu\/wp-content\/uploads\/cache\/2023\/05\/Ninglinspo-c-Ninglinspo_net-1200px\/3450886744.png\" src=\"data:image\/svg+xml,%3Csvg%20xmlns%3D%22http%3A%2F%2Fwww.w3.org%2F2000%2Fsvg%22%20width%3D%22561%22%20height%3D%22300%22%20viewBox%3D%220%200%20561%20300%22%3E%3C%2Fsvg%3E\" loading=\"eager\"><\/span><span class=\"fg-image-overlay\"><\/span><\/a><\/figure><div class=\"fg-loader\"><\/div><\/div><div class=\"fg-item fg-type-image fg-idle\"><figure class=\"fg-item-inner\"><a href=\"https:\/\/chaityfontaine.eu\/wp-content\/uploads\/2023\/05\/Charmille-1200px.jpg\" data-attachment-id=\"29825\" data-type=\"image\" class=\"fg-thumb\"><span class=\"fg-image-wrap\"><img decoding=\"async\" height=\"300\" width=\"450\" class=\"skip-lazy fg-image\" data-src-fg=\"https:\/\/chaityfontaine.eu\/wp-content\/uploads\/cache\/2023\/05\/Charmille-1200px\/540583736.jpg\" src=\"data:image\/svg+xml,%3Csvg%20xmlns%3D%22http%3A%2F%2Fwww.w3.org%2F2000%2Fsvg%22%20width%3D%22450%22%20height%3D%22300%22%20viewBox%3D%220%200%20450%20300%22%3E%3C%2Fsvg%3E\" loading=\"eager\"><\/span><span class=\"fg-image-overlay\"><\/span><\/a><\/figure><div class=\"fg-loader\"><\/div><\/div><\/div>\n\n","protected":false},"excerpt":{"rendered":"<p>Zu Fu\u00df und mit dem Fahrrad Wanderm\u00f6glichkeiten in den umliegenden W\u00e4ldern: Karten sind an der Rezeption von Chaityfontaine erh\u00e4ltlich Der l\u00e4ngste Charmille Europas (573 m)&hellip;<\/p>\n","protected":false},"author":2,"featured_media":29865,"parent":30538,"menu_order":2,"comment_status":"closed","ping_status":"closed","template":"","meta":{"footnotes":""},"class_list":["post-30593","page","type-page","status-publish","has-post-thumbnail","hentry"],"yoast_head":"<!-- This site is optimized with the Yoast SEO plugin v27.0 - https:\/\/yoast.com\/product\/yoast-seo-wordpress\/ -->\n<title>Wanderungen - Chaityfontaine<\/title>\n<meta name=\"description\" content=\"Zu Fu\u00df und mit dem Fahrrad, um Chaityfontaine: Charmille von La Reid, Ninglinspo, Wanderweg GR5, Knotenpunkten 38 und 44.\" \/>\n<meta name=\"robots\" content=\"index, follow, max-snippet:-1, max-image-preview:large, max-video-preview:-1\" \/>\n<link rel=\"canonical\" href=\"https:\/\/chaityfontaine.eu\/de\/region\/wanderungen\/\" \/>\n<meta property=\"og:locale\" content=\"de_DE\" \/>\n<meta property=\"og:type\" content=\"article\" \/>\n<meta property=\"og:title\" content=\"Wanderungen - Chaityfontaine\" \/>\n<meta property=\"og:description\" content=\"Zu Fu\u00df und mit dem Fahrrad, um Chaityfontaine: Charmille von La Reid, Ninglinspo, Wanderweg GR5, Knotenpunkten 38 und 44.\" \/>\n<meta property=\"og:url\" content=\"https:\/\/chaityfontaine.eu\/de\/region\/wanderungen\/\" \/>\n<meta property=\"og:site_name\" content=\"Chaityfontaine\" \/>\n<meta property=\"article:modified_time\" content=\"2024-02-19T10:10:11+00:00\" \/>\n<meta property=\"og:image\" content=\"https:\/\/chaityfontaine.eu\/wp-content\/uploads\/2023\/05\/Ninglinspo-c-Ninglinspo.net-1200px.png\" \/>\n\t<meta property=\"og:image:width\" content=\"1200\" \/>\n\t<meta property=\"og:image:height\" content=\"642\" \/>\n\t<meta property=\"og:image:type\" content=\"image\/png\" \/>\n<meta name=\"twitter:card\" content=\"summary_large_image\" \/>\n<meta name=\"twitter:label1\" content=\"Gesch\u00e4tzte Lesezeit\" \/>\n\t<meta name=\"twitter:data1\" content=\"1\u00a0Minute\" \/>\n<script type=\"application\/ld+json\" class=\"yoast-schema-graph\">{\"@context\":\"https:\/\/schema.org\",\"@graph\":[{\"@type\":\"WebPage\",\"@id\":\"https:\/\/chaityfontaine.eu\/de\/region\/wanderungen\/\",\"url\":\"https:\/\/chaityfontaine.eu\/de\/region\/wanderungen\/\",\"name\":\"Wanderungen - Chaityfontaine\",\"isPartOf\":{\"@id\":\"https:\/\/chaityfontaine.eu\/de\/#website\"},\"primaryImageOfPage\":{\"@id\":\"https:\/\/chaityfontaine.eu\/de\/region\/wanderungen\/#primaryimage\"},\"image\":{\"@id\":\"https:\/\/chaityfontaine.eu\/de\/region\/wanderungen\/#primaryimage\"},\"thumbnailUrl\":\"https:\/\/chaityfontaine.eu\/wp-content\/uploads\/2023\/05\/Ninglinspo-c-Ninglinspo.net-1200px.png\",\"datePublished\":\"2024-01-05T15:19:40+00:00\",\"dateModified\":\"2024-02-19T10:10:11+00:00\",\"description\":\"Zu Fu\u00df und mit dem Fahrrad, um Chaityfontaine: Charmille von La Reid, Ninglinspo, Wanderweg GR5, Knotenpunkten 38 und 44.\",\"breadcrumb\":{\"@id\":\"https:\/\/chaityfontaine.eu\/de\/region\/wanderungen\/#breadcrumb\"},\"inLanguage\":\"de\",\"potentialAction\":[{\"@type\":\"ReadAction\",\"target\":[\"https:\/\/chaityfontaine.eu\/de\/region\/wanderungen\/\"]}]},{\"@type\":\"ImageObject\",\"inLanguage\":\"de\",\"@id\":\"https:\/\/chaityfontaine.eu\/de\/region\/wanderungen\/#primaryimage\",\"url\":\"https:\/\/chaityfontaine.eu\/wp-content\/uploads\/2023\/05\/Ninglinspo-c-Ninglinspo.net-1200px.png\",\"contentUrl\":\"https:\/\/chaityfontaine.eu\/wp-content\/uploads\/2023\/05\/Ninglinspo-c-Ninglinspo.net-1200px.png\",\"width\":1200,\"height\":642},{\"@type\":\"BreadcrumbList\",\"@id\":\"https:\/\/chaityfontaine.eu\/de\/region\/wanderungen\/#breadcrumb\",\"itemListElement\":[{\"@type\":\"ListItem\",\"position\":1,\"name\":\"Accueil\",\"item\":\"https:\/\/chaityfontaine.eu\/de\/\"},{\"@type\":\"ListItem\",\"position\":2,\"name\":\"Die Region\",\"item\":\"https:\/\/chaityfontaine.eu\/de\/region\/\"},{\"@type\":\"ListItem\",\"position\":3,\"name\":\"Wanderungen\"}]},{\"@type\":\"WebSite\",\"@id\":\"https:\/\/chaityfontaine.eu\/de\/#website\",\"url\":\"https:\/\/chaityfontaine.eu\/de\/\",\"name\":\"Chaityfontaine\",\"description\":\"H\u00f4tel ** - Banneux\",\"publisher\":{\"@id\":\"https:\/\/chaityfontaine.eu\/de\/#organization\"},\"potentialAction\":[{\"@type\":\"SearchAction\",\"target\":{\"@type\":\"EntryPoint\",\"urlTemplate\":\"https:\/\/chaityfontaine.eu\/de\/?s={search_term_string}\"},\"query-input\":{\"@type\":\"PropertyValueSpecification\",\"valueRequired\":true,\"valueName\":\"search_term_string\"}}],\"inLanguage\":\"de\"},{\"@type\":\"Organization\",\"@id\":\"https:\/\/chaityfontaine.eu\/de\/#organization\",\"name\":\"Chaityfontaine\",\"url\":\"https:\/\/chaityfontaine.eu\/de\/\",\"logo\":{\"@type\":\"ImageObject\",\"inLanguage\":\"de\",\"@id\":\"https:\/\/chaityfontaine.eu\/de\/#\/schema\/logo\/image\/\",\"url\":\"https:\/\/chaityfontaine.eu\/wp-content\/uploads\/2024\/01\/cropped-Logo-Chaityfontaine-sans-texte.png\",\"contentUrl\":\"https:\/\/chaityfontaine.eu\/wp-content\/uploads\/2024\/01\/cropped-Logo-Chaityfontaine-sans-texte.png\",\"width\":153,\"height\":74,\"caption\":\"Chaityfontaine\"},\"image\":{\"@id\":\"https:\/\/chaityfontaine.eu\/de\/#\/schema\/logo\/image\/\"}}]}<\/script>\n<!-- \/ Yoast SEO plugin. -->","yoast_head_json":{"title":"Wanderungen - Chaityfontaine","description":"Zu Fu\u00df und mit dem Fahrrad, um Chaityfontaine: Charmille von La Reid, Ninglinspo, Wanderweg GR5, Knotenpunkten 38 und 44.","robots":{"index":"index","follow":"follow","max-snippet":"max-snippet:-1","max-image-preview":"max-image-preview:large","max-video-preview":"max-video-preview:-1"},"canonical":"https:\/\/chaityfontaine.eu\/de\/region\/wanderungen\/","og_locale":"de_DE","og_type":"article","og_title":"Wanderungen - Chaityfontaine","og_description":"Zu Fu\u00df und mit dem Fahrrad, um Chaityfontaine: Charmille von La Reid, Ninglinspo, Wanderweg GR5, Knotenpunkten 38 und 44.","og_url":"https:\/\/chaityfontaine.eu\/de\/region\/wanderungen\/","og_site_name":"Chaityfontaine","article_modified_time":"2024-02-19T10:10:11+00:00","og_image":[{"width":1200,"height":642,"url":"https:\/\/chaityfontaine.eu\/wp-content\/uploads\/2023\/05\/Ninglinspo-c-Ninglinspo.net-1200px.png","type":"image\/png"}],"twitter_card":"summary_large_image","twitter_misc":{"Gesch\u00e4tzte Lesezeit":"1\u00a0Minute"},"schema":{"@context":"https:\/\/schema.org","@graph":[{"@type":"WebPage","@id":"https:\/\/chaityfontaine.eu\/de\/region\/wanderungen\/","url":"https:\/\/chaityfontaine.eu\/de\/region\/wanderungen\/","name":"Wanderungen - Chaityfontaine","isPartOf":{"@id":"https:\/\/chaityfontaine.eu\/de\/#website"},"primaryImageOfPage":{"@id":"https:\/\/chaityfontaine.eu\/de\/region\/wanderungen\/#primaryimage"},"image":{"@id":"https:\/\/chaityfontaine.eu\/de\/region\/wanderungen\/#primaryimage"},"thumbnailUrl":"https:\/\/chaityfontaine.eu\/wp-content\/uploads\/2023\/05\/Ninglinspo-c-Ninglinspo.net-1200px.png","datePublished":"2024-01-05T15:19:40+00:00","dateModified":"2024-02-19T10:10:11+00:00","description":"Zu Fu\u00df und mit dem Fahrrad, um Chaityfontaine: Charmille von La Reid, Ninglinspo, Wanderweg GR5, Knotenpunkten 38 und 44.","breadcrumb":{"@id":"https:\/\/chaityfontaine.eu\/de\/region\/wanderungen\/#breadcrumb"},"inLanguage":"de","potentialAction":[{"@type":"ReadAction","target":["https:\/\/chaityfontaine.eu\/de\/region\/wanderungen\/"]}]},{"@type":"ImageObject","inLanguage":"de","@id":"https:\/\/chaityfontaine.eu\/de\/region\/wanderungen\/#primaryimage","url":"https:\/\/chaityfontaine.eu\/wp-content\/uploads\/2023\/05\/Ninglinspo-c-Ninglinspo.net-1200px.png","contentUrl":"https:\/\/chaityfontaine.eu\/wp-content\/uploads\/2023\/05\/Ninglinspo-c-Ninglinspo.net-1200px.png","width":1200,"height":642},{"@type":"BreadcrumbList","@id":"https:\/\/chaityfontaine.eu\/de\/region\/wanderungen\/#breadcrumb","itemListElement":[{"@type":"ListItem","position":1,"name":"Accueil","item":"https:\/\/chaityfontaine.eu\/de\/"},{"@type":"ListItem","position":2,"name":"Die Region","item":"https:\/\/chaityfontaine.eu\/de\/region\/"},{"@type":"ListItem","position":3,"name":"Wanderungen"}]},{"@type":"WebSite","@id":"https:\/\/chaityfontaine.eu\/de\/#website","url":"https:\/\/chaityfontaine.eu\/de\/","name":"Chaityfontaine","description":"H\u00f4tel ** - Banneux","publisher":{"@id":"https:\/\/chaityfontaine.eu\/de\/#organization"},"potentialAction":[{"@type":"SearchAction","target":{"@type":"EntryPoint","urlTemplate":"https:\/\/chaityfontaine.eu\/de\/?s={search_term_string}"},"query-input":{"@type":"PropertyValueSpecification","valueRequired":true,"valueName":"search_term_string"}}],"inLanguage":"de"},{"@type":"Organization","@id":"https:\/\/chaityfontaine.eu\/de\/#organization","name":"Chaityfontaine","url":"https:\/\/chaityfontaine.eu\/de\/","logo":{"@type":"ImageObject","inLanguage":"de","@id":"https:\/\/chaityfontaine.eu\/de\/#\/schema\/logo\/image\/","url":"https:\/\/chaityfontaine.eu\/wp-content\/uploads\/2024\/01\/cropped-Logo-Chaityfontaine-sans-texte.png","contentUrl":"https:\/\/chaityfontaine.eu\/wp-content\/uploads\/2024\/01\/cropped-Logo-Chaityfontaine-sans-texte.png","width":153,"height":74,"caption":"Chaityfontaine"},"image":{"@id":"https:\/\/chaityfontaine.eu\/de\/#\/schema\/logo\/image\/"}}]}},"jetpack_sharing_enabled":true,"_links":{"self":[{"href":"https:\/\/chaityfontaine.eu\/de\/wp-json\/wp\/v2\/pages\/30593","targetHints":{"allow":["GET"]}}],"collection":[{"href":"https:\/\/chaityfontaine.eu\/de\/wp-json\/wp\/v2\/pages"}],"about":[{"href":"https:\/\/chaityfontaine.eu\/de\/wp-json\/wp\/v2\/types\/page"}],"author":[{"embeddable":true,"href":"https:\/\/chaityfontaine.eu\/de\/wp-json\/wp\/v2\/users\/2"}],"replies":[{"embeddable":true,"href":"https:\/\/chaityfontaine.eu\/de\/wp-json\/wp\/v2\/comments?post=30593"}],"version-history":[{"count":5,"href":"https:\/\/chaityfontaine.eu\/de\/wp-json\/wp\/v2\/pages\/30593\/revisions"}],"predecessor-version":[{"id":30752,"href":"https:\/\/chaityfontaine.eu\/de\/wp-json\/wp\/v2\/pages\/30593\/revisions\/30752"}],"up":[{"embeddable":true,"href":"https:\/\/chaityfontaine.eu\/de\/wp-json\/wp\/v2\/pages\/30538"}],"wp:featuredmedia":[{"embeddable":true,"href":"https:\/\/chaityfontaine.eu\/de\/wp-json\/wp\/v2\/media\/29865"}],"wp:attachment":[{"href":"https:\/\/chaityfontaine.eu\/de\/wp-json\/wp\/v2\/media?parent=30593"}],"curies":[{"name":"wp","href":"https:\/\/api.w.org\/{rel}","templated":true}]}}