{"id":30605,"date":"2024-01-04T16:34:11","date_gmt":"2024-01-04T15:34:11","guid":{"rendered":"https:\/\/new.chaityfontaine.eu\/services\/salle-de-reunion\/"},"modified":"2024-11-19T15:43:47","modified_gmt":"2024-11-19T14:43:47","slug":"saal-versammlungsraum","status":"publish","type":"page","link":"https:\/\/chaityfontaine.eu\/de\/dienste\/saal-versammlungsraum\/","title":{"rendered":"Saal &#8211; Versammlungsraum"},"content":{"rendered":"<ul>\n<li>F\u00fcr Familienfeiern und Seminare<\/li>\n<li>Einbauk\u00fcche mit K\u00fchlschrank, Backofen und Herd<\/li>\n<li>Essen oder Buffet k\u00f6nnen auf Wunsch geliefert werden<\/li>\n<li>Maximal 70 Personen<\/li>\n<li>Kleine Terrasse<\/li>\n<li>Direkter Zugang von draussen<\/li>\n<li>Grosser Parkplatz<\/li>\n<li>WIFI gratis<\/li>\n<li>Lautsprecheranlage<\/li>\n<li>Fernseher und DVD-Ger\u00e4t auf Anfrage<\/li>\n<\/ul>\n<p><img loading=\"lazy\" decoding=\"async\" class=\"aligncenter wp-image-30191 size-large\" src=\"https:\/\/chaityfontaine.eu\/wp-content\/uploads\/2024\/01\/16425-PLAN-Chaityfontaine-SalleReunion-1024x744.jpg\" alt=\"\" width=\"843\" height=\"612\" srcset=\"https:\/\/chaityfontaine.eu\/wp-content\/uploads\/2024\/01\/16425-PLAN-Chaityfontaine-SalleReunion-1024x744.jpg 1024w, https:\/\/chaityfontaine.eu\/wp-content\/uploads\/2024\/01\/16425-PLAN-Chaityfontaine-SalleReunion-300x218.jpg 300w, https:\/\/chaityfontaine.eu\/wp-content\/uploads\/2024\/01\/16425-PLAN-Chaityfontaine-SalleReunion-768x558.jpg 768w, https:\/\/chaityfontaine.eu\/wp-content\/uploads\/2024\/01\/16425-PLAN-Chaityfontaine-SalleReunion-1536x1117.jpg 1536w, https:\/\/chaityfontaine.eu\/wp-content\/uploads\/2024\/01\/16425-PLAN-Chaityfontaine-SalleReunion.jpg 1938w\" sizes=\"auto, (max-width: 843px) 100vw, 843px\" \/><\/p>\n","protected":false},"excerpt":{"rendered":"<p>F\u00fcr Familienfeiern und Seminare Einbauk\u00fcche mit K\u00fchlschrank, Backofen und Herd Essen oder Buffet k\u00f6nnen auf Wunsch geliefert werden Maximal 70 Personen Kleine Terrasse Direkter Zugang&hellip;<\/p>\n","protected":false},"author":2,"featured_media":30507,"parent":30541,"menu_order":3,"comment_status":"closed","ping_status":"closed","template":"","meta":{"footnotes":""},"class_list":["post-30605","page","type-page","status-publish","has-post-thumbnail","hentry"],"yoast_head":"<!-- This site is optimized with the Yoast SEO plugin v27.0 - https:\/\/yoast.com\/product\/yoast-seo-wordpress\/ -->\n<title>Saal - Versammlungsraum - Chaityfontaine<\/title>\n<meta name=\"description\" content=\"F\u00fcr Familienfeiern und Seminare. Einbauk\u00fcche mit K\u00fchlschrank, Backofen und Herd. Maximal 80 Personen. Fernseher und DVD-Ger\u00e4t auf Anfrage.\" \/>\n<meta name=\"robots\" content=\"index, follow, max-snippet:-1, max-image-preview:large, max-video-preview:-1\" \/>\n<link rel=\"canonical\" href=\"https:\/\/chaityfontaine.eu\/de\/dienste\/saal-versammlungsraum\/\" \/>\n<meta property=\"og:locale\" content=\"de_DE\" \/>\n<meta property=\"og:type\" content=\"article\" \/>\n<meta property=\"og:title\" content=\"Saal - Versammlungsraum - Chaityfontaine\" \/>\n<meta property=\"og:description\" content=\"F\u00fcr Familienfeiern und Seminare. Einbauk\u00fcche mit K\u00fchlschrank, Backofen und Herd. Maximal 80 Personen. Fernseher und DVD-Ger\u00e4t auf Anfrage.\" \/>\n<meta property=\"og:url\" content=\"https:\/\/chaityfontaine.eu\/de\/dienste\/saal-versammlungsraum\/\" \/>\n<meta property=\"og:site_name\" content=\"Chaityfontaine\" \/>\n<meta property=\"article:modified_time\" content=\"2024-11-19T14:43:47+00:00\" \/>\n<meta property=\"og:image\" content=\"https:\/\/chaityfontaine.eu\/wp-content\/uploads\/2024\/01\/Salle-de-reunion-311355-CC0-Pixabay-e1704921751607.png\" \/>\n\t<meta property=\"og:image:width\" content=\"1920\" \/>\n\t<meta property=\"og:image:height\" content=\"1424\" \/>\n\t<meta property=\"og:image:type\" content=\"image\/png\" \/>\n<meta name=\"twitter:card\" content=\"summary_large_image\" \/>\n<meta name=\"twitter:label1\" content=\"Gesch\u00e4tzte Lesezeit\" \/>\n\t<meta name=\"twitter:data1\" content=\"1\u00a0Minute\" \/>\n<script type=\"application\/ld+json\" class=\"yoast-schema-graph\">{\"@context\":\"https:\/\/schema.org\",\"@graph\":[{\"@type\":\"WebPage\",\"@id\":\"https:\/\/chaityfontaine.eu\/de\/dienste\/saal-versammlungsraum\/\",\"url\":\"https:\/\/chaityfontaine.eu\/de\/dienste\/saal-versammlungsraum\/\",\"name\":\"Saal - Versammlungsraum - Chaityfontaine\",\"isPartOf\":{\"@id\":\"https:\/\/chaityfontaine.eu\/de\/#website\"},\"primaryImageOfPage\":{\"@id\":\"https:\/\/chaityfontaine.eu\/de\/dienste\/saal-versammlungsraum\/#primaryimage\"},\"image\":{\"@id\":\"https:\/\/chaityfontaine.eu\/de\/dienste\/saal-versammlungsraum\/#primaryimage\"},\"thumbnailUrl\":\"https:\/\/chaityfontaine.eu\/wp-content\/uploads\/2024\/01\/Salle-de-reunion-311355-CC0-Pixabay-e1704921751607.png\",\"datePublished\":\"2024-01-04T15:34:11+00:00\",\"dateModified\":\"2024-11-19T14:43:47+00:00\",\"description\":\"F\u00fcr Familienfeiern und Seminare. Einbauk\u00fcche mit K\u00fchlschrank, Backofen und Herd. Maximal 80 Personen. Fernseher und DVD-Ger\u00e4t auf Anfrage.\",\"breadcrumb\":{\"@id\":\"https:\/\/chaityfontaine.eu\/de\/dienste\/saal-versammlungsraum\/#breadcrumb\"},\"inLanguage\":\"de\",\"potentialAction\":[{\"@type\":\"ReadAction\",\"target\":[\"https:\/\/chaityfontaine.eu\/de\/dienste\/saal-versammlungsraum\/\"]}]},{\"@type\":\"ImageObject\",\"inLanguage\":\"de\",\"@id\":\"https:\/\/chaityfontaine.eu\/de\/dienste\/saal-versammlungsraum\/#primaryimage\",\"url\":\"https:\/\/chaityfontaine.eu\/wp-content\/uploads\/2024\/01\/Salle-de-reunion-311355-CC0-Pixabay-e1704921751607.png\",\"contentUrl\":\"https:\/\/chaityfontaine.eu\/wp-content\/uploads\/2024\/01\/Salle-de-reunion-311355-CC0-Pixabay-e1704921751607.png\",\"width\":1920,\"height\":1424},{\"@type\":\"BreadcrumbList\",\"@id\":\"https:\/\/chaityfontaine.eu\/de\/dienste\/saal-versammlungsraum\/#breadcrumb\",\"itemListElement\":[{\"@type\":\"ListItem\",\"position\":1,\"name\":\"Accueil\",\"item\":\"https:\/\/chaityfontaine.eu\/de\/\"},{\"@type\":\"ListItem\",\"position\":2,\"name\":\"Dienste\",\"item\":\"https:\/\/chaityfontaine.eu\/de\/dienste\/\"},{\"@type\":\"ListItem\",\"position\":3,\"name\":\"Saal &#8211; Versammlungsraum\"}]},{\"@type\":\"WebSite\",\"@id\":\"https:\/\/chaityfontaine.eu\/de\/#website\",\"url\":\"https:\/\/chaityfontaine.eu\/de\/\",\"name\":\"Chaityfontaine\",\"description\":\"H\u00f4tel ** - Banneux\",\"publisher\":{\"@id\":\"https:\/\/chaityfontaine.eu\/de\/#organization\"},\"potentialAction\":[{\"@type\":\"SearchAction\",\"target\":{\"@type\":\"EntryPoint\",\"urlTemplate\":\"https:\/\/chaityfontaine.eu\/de\/?s={search_term_string}\"},\"query-input\":{\"@type\":\"PropertyValueSpecification\",\"valueRequired\":true,\"valueName\":\"search_term_string\"}}],\"inLanguage\":\"de\"},{\"@type\":\"Organization\",\"@id\":\"https:\/\/chaityfontaine.eu\/de\/#organization\",\"name\":\"Chaityfontaine\",\"url\":\"https:\/\/chaityfontaine.eu\/de\/\",\"logo\":{\"@type\":\"ImageObject\",\"inLanguage\":\"de\",\"@id\":\"https:\/\/chaityfontaine.eu\/de\/#\/schema\/logo\/image\/\",\"url\":\"https:\/\/chaityfontaine.eu\/wp-content\/uploads\/2024\/01\/cropped-Logo-Chaityfontaine-sans-texte.png\",\"contentUrl\":\"https:\/\/chaityfontaine.eu\/wp-content\/uploads\/2024\/01\/cropped-Logo-Chaityfontaine-sans-texte.png\",\"width\":153,\"height\":74,\"caption\":\"Chaityfontaine\"},\"image\":{\"@id\":\"https:\/\/chaityfontaine.eu\/de\/#\/schema\/logo\/image\/\"}}]}<\/script>\n<!-- \/ Yoast SEO plugin. -->","yoast_head_json":{"title":"Saal - Versammlungsraum - Chaityfontaine","description":"F\u00fcr Familienfeiern und Seminare. Einbauk\u00fcche mit K\u00fchlschrank, Backofen und Herd. Maximal 80 Personen. Fernseher und DVD-Ger\u00e4t auf Anfrage.","robots":{"index":"index","follow":"follow","max-snippet":"max-snippet:-1","max-image-preview":"max-image-preview:large","max-video-preview":"max-video-preview:-1"},"canonical":"https:\/\/chaityfontaine.eu\/de\/dienste\/saal-versammlungsraum\/","og_locale":"de_DE","og_type":"article","og_title":"Saal - Versammlungsraum - Chaityfontaine","og_description":"F\u00fcr Familienfeiern und Seminare. Einbauk\u00fcche mit K\u00fchlschrank, Backofen und Herd. Maximal 80 Personen. Fernseher und DVD-Ger\u00e4t auf Anfrage.","og_url":"https:\/\/chaityfontaine.eu\/de\/dienste\/saal-versammlungsraum\/","og_site_name":"Chaityfontaine","article_modified_time":"2024-11-19T14:43:47+00:00","og_image":[{"width":1920,"height":1424,"url":"https:\/\/chaityfontaine.eu\/wp-content\/uploads\/2024\/01\/Salle-de-reunion-311355-CC0-Pixabay-e1704921751607.png","type":"image\/png"}],"twitter_card":"summary_large_image","twitter_misc":{"Gesch\u00e4tzte Lesezeit":"1\u00a0Minute"},"schema":{"@context":"https:\/\/schema.org","@graph":[{"@type":"WebPage","@id":"https:\/\/chaityfontaine.eu\/de\/dienste\/saal-versammlungsraum\/","url":"https:\/\/chaityfontaine.eu\/de\/dienste\/saal-versammlungsraum\/","name":"Saal - Versammlungsraum - Chaityfontaine","isPartOf":{"@id":"https:\/\/chaityfontaine.eu\/de\/#website"},"primaryImageOfPage":{"@id":"https:\/\/chaityfontaine.eu\/de\/dienste\/saal-versammlungsraum\/#primaryimage"},"image":{"@id":"https:\/\/chaityfontaine.eu\/de\/dienste\/saal-versammlungsraum\/#primaryimage"},"thumbnailUrl":"https:\/\/chaityfontaine.eu\/wp-content\/uploads\/2024\/01\/Salle-de-reunion-311355-CC0-Pixabay-e1704921751607.png","datePublished":"2024-01-04T15:34:11+00:00","dateModified":"2024-11-19T14:43:47+00:00","description":"F\u00fcr Familienfeiern und Seminare. Einbauk\u00fcche mit K\u00fchlschrank, Backofen und Herd. Maximal 80 Personen. Fernseher und DVD-Ger\u00e4t auf Anfrage.","breadcrumb":{"@id":"https:\/\/chaityfontaine.eu\/de\/dienste\/saal-versammlungsraum\/#breadcrumb"},"inLanguage":"de","potentialAction":[{"@type":"ReadAction","target":["https:\/\/chaityfontaine.eu\/de\/dienste\/saal-versammlungsraum\/"]}]},{"@type":"ImageObject","inLanguage":"de","@id":"https:\/\/chaityfontaine.eu\/de\/dienste\/saal-versammlungsraum\/#primaryimage","url":"https:\/\/chaityfontaine.eu\/wp-content\/uploads\/2024\/01\/Salle-de-reunion-311355-CC0-Pixabay-e1704921751607.png","contentUrl":"https:\/\/chaityfontaine.eu\/wp-content\/uploads\/2024\/01\/Salle-de-reunion-311355-CC0-Pixabay-e1704921751607.png","width":1920,"height":1424},{"@type":"BreadcrumbList","@id":"https:\/\/chaityfontaine.eu\/de\/dienste\/saal-versammlungsraum\/#breadcrumb","itemListElement":[{"@type":"ListItem","position":1,"name":"Accueil","item":"https:\/\/chaityfontaine.eu\/de\/"},{"@type":"ListItem","position":2,"name":"Dienste","item":"https:\/\/chaityfontaine.eu\/de\/dienste\/"},{"@type":"ListItem","position":3,"name":"Saal &#8211; Versammlungsraum"}]},{"@type":"WebSite","@id":"https:\/\/chaityfontaine.eu\/de\/#website","url":"https:\/\/chaityfontaine.eu\/de\/","name":"Chaityfontaine","description":"H\u00f4tel ** - Banneux","publisher":{"@id":"https:\/\/chaityfontaine.eu\/de\/#organization"},"potentialAction":[{"@type":"SearchAction","target":{"@type":"EntryPoint","urlTemplate":"https:\/\/chaityfontaine.eu\/de\/?s={search_term_string}"},"query-input":{"@type":"PropertyValueSpecification","valueRequired":true,"valueName":"search_term_string"}}],"inLanguage":"de"},{"@type":"Organization","@id":"https:\/\/chaityfontaine.eu\/de\/#organization","name":"Chaityfontaine","url":"https:\/\/chaityfontaine.eu\/de\/","logo":{"@type":"ImageObject","inLanguage":"de","@id":"https:\/\/chaityfontaine.eu\/de\/#\/schema\/logo\/image\/","url":"https:\/\/chaityfontaine.eu\/wp-content\/uploads\/2024\/01\/cropped-Logo-Chaityfontaine-sans-texte.png","contentUrl":"https:\/\/chaityfontaine.eu\/wp-content\/uploads\/2024\/01\/cropped-Logo-Chaityfontaine-sans-texte.png","width":153,"height":74,"caption":"Chaityfontaine"},"image":{"@id":"https:\/\/chaityfontaine.eu\/de\/#\/schema\/logo\/image\/"}}]}},"jetpack_sharing_enabled":true,"_links":{"self":[{"href":"https:\/\/chaityfontaine.eu\/de\/wp-json\/wp\/v2\/pages\/30605","targetHints":{"allow":["GET"]}}],"collection":[{"href":"https:\/\/chaityfontaine.eu\/de\/wp-json\/wp\/v2\/pages"}],"about":[{"href":"https:\/\/chaityfontaine.eu\/de\/wp-json\/wp\/v2\/types\/page"}],"author":[{"embeddable":true,"href":"https:\/\/chaityfontaine.eu\/de\/wp-json\/wp\/v2\/users\/2"}],"replies":[{"embeddable":true,"href":"https:\/\/chaityfontaine.eu\/de\/wp-json\/wp\/v2\/comments?post=30605"}],"version-history":[{"count":3,"href":"https:\/\/chaityfontaine.eu\/de\/wp-json\/wp\/v2\/pages\/30605\/revisions"}],"predecessor-version":[{"id":30855,"href":"https:\/\/chaityfontaine.eu\/de\/wp-json\/wp\/v2\/pages\/30605\/revisions\/30855"}],"up":[{"embeddable":true,"href":"https:\/\/chaityfontaine.eu\/de\/wp-json\/wp\/v2\/pages\/30541"}],"wp:featuredmedia":[{"embeddable":true,"href":"https:\/\/chaityfontaine.eu\/de\/wp-json\/wp\/v2\/media\/30507"}],"wp:attachment":[{"href":"https:\/\/chaityfontaine.eu\/de\/wp-json\/wp\/v2\/media?parent=30605"}],"curies":[{"name":"wp","href":"https:\/\/api.w.org\/{rel}","templated":true}]}}