{"id":30608,"date":"2024-01-04T16:03:43","date_gmt":"2024-01-04T15:03:43","guid":{"rendered":"https:\/\/new.chaityfontaine.eu\/services\/salles-a-manger-et-bar\/"},"modified":"2024-10-21T11:10:11","modified_gmt":"2024-10-21T09:10:11","slug":"restaurant-und-bar","status":"publish","type":"page","link":"https:\/\/chaityfontaine.eu\/de\/dienste\/restaurant-und-bar\/","title":{"rendered":"Restaurant und Bar"},"content":{"rendered":"<h3>Restaurant<\/h3>\n<ul>\n<li>Jeden Morgen Fr\u00fchst\u00fccksbuffet<\/li>\n<li>Warmes Mittagessen: Suppe, Hauptgericht, Nachtisch<\/li>\n<\/ul>\n<p>Die Speises\u00e4le haben eine maximale Kapazit\u00e4t von 120 Personen.<\/p>\n<p style=\"text-align: justify;\">Nach vorheriger Information (mindestens 48 Stunden im Voraus) k\u00f6nnen wir Di\u00e4ten ber\u00fccksichtigen (z. B. glutenfrei, laktosefrei).<\/p>\n<h3>Bar<\/h3>\n<ul>\n<li>In unserer Bar k\u00f6nnen Sie in gem\u00fctlichem Rahmen unsere Getr\u00e4nke geniessen (bis 22 Uhr 30)<\/li>\n<li>Ein Gro\u00dfbildschirm steht zu Ihrer Verf\u00fcgung, um gemeinsam, um gemeinsam fernzusehen, z.B. ein spannendes Fu\u00dfballspiel<\/li>\n<\/ul>\n<style type=\"text\/css\">\n#foogallery-gallery-30182.fg-justified .fg-item { margin-right: 2px; margin-bottom: 2px; }\n#foogallery-gallery-30182.fg-justified .fg-image { height: 200px; }<\/style>\n\t\t\t<div class=\"foogallery foogallery-container foogallery-justified foogallery-lightbox-foogallery fg-justified fg-ready fg-light fg-border-thin fg-round-small fg-shadow-outline fg-shadow-inset-small fg-loading-default fg-loaded-fade-in fg-caption-always fg-hover-fade fg-hover-zoom2\" id=\"foogallery-gallery-30182\" data-foogallery=\"{&quot;item&quot;:{&quot;showCaptionTitle&quot;:false,&quot;showCaptionDescription&quot;:false},&quot;lazy&quot;:true,&quot;template&quot;:{&quot;rowHeight&quot;:200,&quot;maxRowHeight&quot;:300,&quot;margins&quot;:2,&quot;align&quot;:&quot;center&quot;,&quot;lastRow&quot;:&quot;smart&quot;}}\" data-foogallery-lightbox=\"{&quot;thumbs&quot;:&quot;bottom&quot;,&quot;thumbsCaptions&quot;:false,&quot;thumbsBestFit&quot;:false,&quot;thumbsSmall&quot;:false,&quot;thumbsCaptionsAlign&quot;:&quot;default&quot;,&quot;info&quot;:&quot;bottom&quot;,&quot;infoVisible&quot;:true,&quot;infoOverlay&quot;:true,&quot;infoAlign&quot;:&quot;default&quot;,&quot;transition&quot;:&quot;fade&quot;,&quot;hoverButtons&quot;:false,&quot;fitMedia&quot;:false,&quot;noScrollbars&quot;:true,&quot;preserveButtonSpace&quot;:true,&quot;buttons&quot;:{&quot;fullscreen&quot;:true,&quot;info&quot;:true,&quot;thumbs&quot;:false},&quot;video&quot;:{&quot;autoPlay&quot;:true}}\" style=\"--fg-title-line-clamp: 0; --fg-description-line-clamp: 0;\" >\n\t<div class=\"fg-item fg-type-image fg-idle\"><figure class=\"fg-item-inner\"><a href=\"https:\/\/chaityfontaine.eu\/wp-content\/uploads\/2016\/12\/juil-2010-002.jpg\" data-caption-title=\"Digital StillCamera\" data-attachment-id=\"30093\" data-type=\"image\" class=\"fg-thumb\"><span class=\"fg-image-wrap\"><img fetchpriority=\"high\" decoding=\"async\" title=\"Digital StillCamera\" height=\"300\" width=\"400\" class=\"skip-lazy fg-image\" data-src-fg=\"https:\/\/chaityfontaine.eu\/wp-content\/uploads\/cache\/2016\/12\/juil-2010-002\/763037335.jpg\" src=\"data:image\/svg+xml,%3Csvg%20xmlns%3D%22http%3A%2F%2Fwww.w3.org%2F2000%2Fsvg%22%20width%3D%22400%22%20height%3D%22300%22%20viewBox%3D%220%200%20400%20300%22%3E%3C%2Fsvg%3E\" loading=\"eager\"><\/span><span class=\"fg-image-overlay\"><\/span><\/a><\/figure><div class=\"fg-loader\"><\/div><\/div><div class=\"fg-item fg-type-image fg-idle\"><figure class=\"fg-item-inner\"><a href=\"https:\/\/chaityfontaine.eu\/wp-content\/uploads\/2024\/01\/2023-05-15-Chaityfontaine-27.jpg\" data-attachment-id=\"30315\" data-type=\"image\" class=\"fg-thumb\"><span class=\"fg-image-wrap\"><img decoding=\"async\" height=\"300\" width=\"444\" class=\"skip-lazy fg-image\" data-src-fg=\"https:\/\/chaityfontaine.eu\/wp-content\/uploads\/cache\/2024\/01\/2023-05-15-Chaityfontaine-27\/2922012835.jpg\" src=\"data:image\/svg+xml,%3Csvg%20xmlns%3D%22http%3A%2F%2Fwww.w3.org%2F2000%2Fsvg%22%20width%3D%22444%22%20height%3D%22300%22%20viewBox%3D%220%200%20444%20300%22%3E%3C%2Fsvg%3E\" loading=\"eager\"><\/span><span class=\"fg-image-overlay\"><\/span><\/a><\/figure><div class=\"fg-loader\"><\/div><\/div><div class=\"fg-item fg-type-image fg-idle\"><figure class=\"fg-item-inner\"><a href=\"https:\/\/chaityfontaine.eu\/wp-content\/uploads\/2023\/06\/2023-06-Salle-a-manger-par-Carine-Paysage-1200px-2-scaled.jpg\" data-attachment-id=\"29921\" data-type=\"image\" class=\"fg-thumb\"><span class=\"fg-image-wrap\"><img decoding=\"async\" height=\"300\" width=\"450\" class=\"skip-lazy fg-image\" data-src-fg=\"https:\/\/chaityfontaine.eu\/wp-content\/uploads\/cache\/2023\/06\/2023-06-Salle-a-manger-par-Carine-Paysage-1200px-2-scaled\/544107212.jpg\" src=\"data:image\/svg+xml,%3Csvg%20xmlns%3D%22http%3A%2F%2Fwww.w3.org%2F2000%2Fsvg%22%20width%3D%22450%22%20height%3D%22300%22%20viewBox%3D%220%200%20450%20300%22%3E%3C%2Fsvg%3E\" loading=\"eager\"><\/span><span class=\"fg-image-overlay\"><\/span><\/a><\/figure><div class=\"fg-loader\"><\/div><\/div><div class=\"fg-item fg-type-image fg-idle\"><figure class=\"fg-item-inner\"><a href=\"https:\/\/chaityfontaine.eu\/wp-content\/uploads\/2016\/12\/P1020413.jpg\" data-attachment-id=\"30153\" data-type=\"image\" class=\"fg-thumb\"><span class=\"fg-image-wrap\"><img decoding=\"async\" height=\"300\" width=\"400\" class=\"skip-lazy fg-image\" data-src-fg=\"https:\/\/chaityfontaine.eu\/wp-content\/uploads\/cache\/2016\/12\/P1020413\/104048761.jpg\" src=\"data:image\/svg+xml,%3Csvg%20xmlns%3D%22http%3A%2F%2Fwww.w3.org%2F2000%2Fsvg%22%20width%3D%22400%22%20height%3D%22300%22%20viewBox%3D%220%200%20400%20300%22%3E%3C%2Fsvg%3E\" loading=\"eager\"><\/span><span class=\"fg-image-overlay\"><\/span><\/a><\/figure><div class=\"fg-loader\"><\/div><\/div><div class=\"fg-item fg-type-image fg-idle\"><figure class=\"fg-item-inner\"><a href=\"https:\/\/chaityfontaine.eu\/wp-content\/uploads\/2016\/12\/P1020411-e1484578088464.jpg\" data-attachment-id=\"30145\" data-type=\"image\" class=\"fg-thumb\"><span class=\"fg-image-wrap\"><img decoding=\"async\" height=\"300\" width=\"225\" class=\"skip-lazy fg-image\" data-src-fg=\"https:\/\/chaityfontaine.eu\/wp-content\/uploads\/cache\/2016\/12\/P1020411-e1484578088464\/1435151494.jpg\" src=\"data:image\/svg+xml,%3Csvg%20xmlns%3D%22http%3A%2F%2Fwww.w3.org%2F2000%2Fsvg%22%20width%3D%22225%22%20height%3D%22300%22%20viewBox%3D%220%200%20225%20300%22%3E%3C%2Fsvg%3E\" loading=\"eager\"><\/span><span class=\"fg-image-overlay\"><\/span><\/a><\/figure><div class=\"fg-loader\"><\/div><\/div><div class=\"fg-item fg-type-image fg-idle\"><figure class=\"fg-item-inner\"><a href=\"https:\/\/chaityfontaine.eu\/wp-content\/uploads\/2016\/12\/P1020415.jpg\" data-attachment-id=\"30161\" data-type=\"image\" class=\"fg-thumb\"><span class=\"fg-image-wrap\"><img decoding=\"async\" height=\"300\" width=\"400\" class=\"skip-lazy fg-image\" data-src-fg=\"https:\/\/chaityfontaine.eu\/wp-content\/uploads\/cache\/2016\/12\/P1020415\/1039755346.jpg\" src=\"data:image\/svg+xml,%3Csvg%20xmlns%3D%22http%3A%2F%2Fwww.w3.org%2F2000%2Fsvg%22%20width%3D%22400%22%20height%3D%22300%22%20viewBox%3D%220%200%20400%20300%22%3E%3C%2Fsvg%3E\" loading=\"eager\"><\/span><span class=\"fg-image-overlay\"><\/span><\/a><\/figure><div class=\"fg-loader\"><\/div><\/div><div class=\"fg-item fg-type-image fg-idle\"><figure class=\"fg-item-inner\"><a href=\"https:\/\/chaityfontaine.eu\/wp-content\/uploads\/2024\/01\/2023-05-15-Chaityfontaine-28.jpg\" data-attachment-id=\"30319\" data-type=\"image\" class=\"fg-thumb\"><span class=\"fg-image-wrap\"><img decoding=\"async\" height=\"300\" width=\"450\" class=\"skip-lazy fg-image\" data-src-fg=\"https:\/\/chaityfontaine.eu\/wp-content\/uploads\/cache\/2024\/01\/2023-05-15-Chaityfontaine-28\/2720945301.jpg\" src=\"data:image\/svg+xml,%3Csvg%20xmlns%3D%22http%3A%2F%2Fwww.w3.org%2F2000%2Fsvg%22%20width%3D%22450%22%20height%3D%22300%22%20viewBox%3D%220%200%20450%20300%22%3E%3C%2Fsvg%3E\" loading=\"eager\"><\/span><span class=\"fg-image-overlay\"><\/span><\/a><\/figure><div class=\"fg-loader\"><\/div><\/div><div class=\"fg-item fg-type-image fg-idle\"><figure class=\"fg-item-inner\"><a href=\"https:\/\/chaityfontaine.eu\/wp-content\/uploads\/2024\/01\/2023-05-15-Chaityfontaine-29.jpg\" data-attachment-id=\"30323\" data-type=\"image\" class=\"fg-thumb\"><span class=\"fg-image-wrap\"><img decoding=\"async\" height=\"300\" width=\"450\" class=\"skip-lazy fg-image\" data-src-fg=\"https:\/\/chaityfontaine.eu\/wp-content\/uploads\/cache\/2024\/01\/2023-05-15-Chaityfontaine-29\/3576804931.jpg\" src=\"data:image\/svg+xml,%3Csvg%20xmlns%3D%22http%3A%2F%2Fwww.w3.org%2F2000%2Fsvg%22%20width%3D%22450%22%20height%3D%22300%22%20viewBox%3D%220%200%20450%20300%22%3E%3C%2Fsvg%3E\" loading=\"eager\"><\/span><span class=\"fg-image-overlay\"><\/span><\/a><\/figure><div class=\"fg-loader\"><\/div><\/div><div class=\"fg-item fg-type-image fg-idle\"><figure class=\"fg-item-inner\"><a href=\"https:\/\/chaityfontaine.eu\/wp-content\/uploads\/2024\/01\/2023-05-15-Chaityfontaine-35.jpg\" data-attachment-id=\"30343\" data-type=\"image\" class=\"fg-thumb\"><span class=\"fg-image-wrap\"><img decoding=\"async\" height=\"300\" width=\"450\" class=\"skip-lazy fg-image\" data-src-fg=\"https:\/\/chaityfontaine.eu\/wp-content\/uploads\/cache\/2024\/01\/2023-05-15-Chaityfontaine-35\/2648840305.jpg\" src=\"data:image\/svg+xml,%3Csvg%20xmlns%3D%22http%3A%2F%2Fwww.w3.org%2F2000%2Fsvg%22%20width%3D%22450%22%20height%3D%22300%22%20viewBox%3D%220%200%20450%20300%22%3E%3C%2Fsvg%3E\" loading=\"eager\"><\/span><span class=\"fg-image-overlay\"><\/span><\/a><\/figure><div class=\"fg-loader\"><\/div><\/div><div class=\"fg-item fg-type-image fg-idle\"><figure class=\"fg-item-inner\"><a href=\"https:\/\/chaityfontaine.eu\/wp-content\/uploads\/2023\/06\/2023-06-Salle-a-manger-par-Carine-Paysage-1200px-1-scaled-e1704381479727.jpg\" data-attachment-id=\"29917\" data-type=\"image\" class=\"fg-thumb\"><span class=\"fg-image-wrap\"><img decoding=\"async\" height=\"300\" width=\"387\" class=\"skip-lazy fg-image\" data-src-fg=\"https:\/\/chaityfontaine.eu\/wp-content\/uploads\/cache\/2023\/06\/2023-06-Salle-a-manger-par-Carine-Paysage-1200px-1-scaled-e1704381479727\/2008811095.jpg\" src=\"data:image\/svg+xml,%3Csvg%20xmlns%3D%22http%3A%2F%2Fwww.w3.org%2F2000%2Fsvg%22%20width%3D%22387%22%20height%3D%22300%22%20viewBox%3D%220%200%20387%20300%22%3E%3C%2Fsvg%3E\" loading=\"eager\"><\/span><span class=\"fg-image-overlay\"><\/span><\/a><\/figure><div class=\"fg-loader\"><\/div><\/div><\/div>\n\n<h3>Plan du rez-de-chauss\u00e9e<\/h3>\n<p><img loading=\"lazy\" decoding=\"async\" class=\"aligncenter wp-image-30177 size-large\" src=\"https:\/\/chaityfontaine.eu\/wp-content\/uploads\/2024\/01\/16425-PLAN-Chaityfontaine-RezDeChaussee-916x1024.jpg\" alt=\"\" width=\"843\" height=\"942\" srcset=\"https:\/\/chaityfontaine.eu\/wp-content\/uploads\/2024\/01\/16425-PLAN-Chaityfontaine-RezDeChaussee-916x1024.jpg 916w, https:\/\/chaityfontaine.eu\/wp-content\/uploads\/2024\/01\/16425-PLAN-Chaityfontaine-RezDeChaussee-268x300.jpg 268w, https:\/\/chaityfontaine.eu\/wp-content\/uploads\/2024\/01\/16425-PLAN-Chaityfontaine-RezDeChaussee-768x859.jpg 768w, https:\/\/chaityfontaine.eu\/wp-content\/uploads\/2024\/01\/16425-PLAN-Chaityfontaine-RezDeChaussee-1374x1536.jpg 1374w, https:\/\/chaityfontaine.eu\/wp-content\/uploads\/2024\/01\/16425-PLAN-Chaityfontaine-RezDeChaussee-1832x2048.jpg 1832w\" sizes=\"auto, (max-width: 843px) 100vw, 843px\" \/><\/p>\n","protected":false},"excerpt":{"rendered":"<p>Restaurant Jeden Morgen Fr\u00fchst\u00fccksbuffet Warmes Mittagessen: Suppe, Hauptgericht, Nachtisch Die Speises\u00e4le haben eine maximale Kapazit\u00e4t von 120 Personen. Nach vorheriger Information (mindestens 48 Stunden im&hellip;<\/p>\n","protected":false},"author":2,"featured_media":30432,"parent":30541,"menu_order":2,"comment_status":"closed","ping_status":"closed","template":"","meta":{"footnotes":""},"class_list":["post-30608","page","type-page","status-publish","has-post-thumbnail","hentry"],"yoast_head":"<!-- This site is optimized with the Yoast SEO plugin v27.0 - https:\/\/yoast.com\/product\/yoast-seo-wordpress\/ -->\n<title>Restaurant und Bar - Chaityfontaine<\/title>\n<meta name=\"description\" content=\"Jeden Morgen Fr\u00fchst\u00fccksbuffet. Verschiedene M\u00f6glichkeiten der (Fest)Men\u00fcgsestaltung. Bar ge\u00f6ffnet bis 22 Uhr 30.\" \/>\n<meta name=\"robots\" content=\"index, follow, max-snippet:-1, max-image-preview:large, max-video-preview:-1\" \/>\n<link rel=\"canonical\" href=\"https:\/\/chaityfontaine.eu\/de\/dienste\/restaurant-und-bar\/\" \/>\n<meta property=\"og:locale\" content=\"de_DE\" \/>\n<meta property=\"og:type\" content=\"article\" \/>\n<meta property=\"og:title\" content=\"Restaurant und Bar - Chaityfontaine\" \/>\n<meta property=\"og:description\" content=\"Jeden Morgen Fr\u00fchst\u00fccksbuffet. Verschiedene M\u00f6glichkeiten der (Fest)Men\u00fcgsestaltung. Bar ge\u00f6ffnet bis 22 Uhr 30.\" \/>\n<meta property=\"og:url\" content=\"https:\/\/chaityfontaine.eu\/de\/dienste\/restaurant-und-bar\/\" \/>\n<meta property=\"og:site_name\" content=\"Chaityfontaine\" \/>\n<meta property=\"article:modified_time\" content=\"2024-10-21T09:10:11+00:00\" \/>\n<meta property=\"og:image\" content=\"https:\/\/chaityfontaine.eu\/wp-content\/uploads\/2024\/01\/2023-05-15-Chaityfontaine-29-Bar-1400x700-2.jpg\" \/>\n\t<meta property=\"og:image:width\" content=\"1400\" \/>\n\t<meta property=\"og:image:height\" content=\"700\" \/>\n\t<meta property=\"og:image:type\" content=\"image\/jpeg\" \/>\n<meta name=\"twitter:card\" content=\"summary_large_image\" \/>\n<meta name=\"twitter:label1\" content=\"Gesch\u00e4tzte Lesezeit\" \/>\n\t<meta name=\"twitter:data1\" content=\"1\u00a0Minute\" \/>\n<script type=\"application\/ld+json\" class=\"yoast-schema-graph\">{\"@context\":\"https:\/\/schema.org\",\"@graph\":[{\"@type\":\"WebPage\",\"@id\":\"https:\/\/chaityfontaine.eu\/de\/dienste\/restaurant-und-bar\/\",\"url\":\"https:\/\/chaityfontaine.eu\/de\/dienste\/restaurant-und-bar\/\",\"name\":\"Restaurant und Bar - Chaityfontaine\",\"isPartOf\":{\"@id\":\"https:\/\/chaityfontaine.eu\/de\/#website\"},\"primaryImageOfPage\":{\"@id\":\"https:\/\/chaityfontaine.eu\/de\/dienste\/restaurant-und-bar\/#primaryimage\"},\"image\":{\"@id\":\"https:\/\/chaityfontaine.eu\/de\/dienste\/restaurant-und-bar\/#primaryimage\"},\"thumbnailUrl\":\"https:\/\/chaityfontaine.eu\/wp-content\/uploads\/2024\/01\/2023-05-15-Chaityfontaine-29-Bar-1400x700-2.jpg\",\"datePublished\":\"2024-01-04T15:03:43+00:00\",\"dateModified\":\"2024-10-21T09:10:11+00:00\",\"description\":\"Jeden Morgen Fr\u00fchst\u00fccksbuffet. Verschiedene M\u00f6glichkeiten der (Fest)Men\u00fcgsestaltung. Bar ge\u00f6ffnet bis 22 Uhr 30.\",\"breadcrumb\":{\"@id\":\"https:\/\/chaityfontaine.eu\/de\/dienste\/restaurant-und-bar\/#breadcrumb\"},\"inLanguage\":\"de\",\"potentialAction\":[{\"@type\":\"ReadAction\",\"target\":[\"https:\/\/chaityfontaine.eu\/de\/dienste\/restaurant-und-bar\/\"]}]},{\"@type\":\"ImageObject\",\"inLanguage\":\"de\",\"@id\":\"https:\/\/chaityfontaine.eu\/de\/dienste\/restaurant-und-bar\/#primaryimage\",\"url\":\"https:\/\/chaityfontaine.eu\/wp-content\/uploads\/2024\/01\/2023-05-15-Chaityfontaine-29-Bar-1400x700-2.jpg\",\"contentUrl\":\"https:\/\/chaityfontaine.eu\/wp-content\/uploads\/2024\/01\/2023-05-15-Chaityfontaine-29-Bar-1400x700-2.jpg\",\"width\":1400,\"height\":700},{\"@type\":\"BreadcrumbList\",\"@id\":\"https:\/\/chaityfontaine.eu\/de\/dienste\/restaurant-und-bar\/#breadcrumb\",\"itemListElement\":[{\"@type\":\"ListItem\",\"position\":1,\"name\":\"Accueil\",\"item\":\"https:\/\/chaityfontaine.eu\/de\/\"},{\"@type\":\"ListItem\",\"position\":2,\"name\":\"Dienste\",\"item\":\"https:\/\/chaityfontaine.eu\/de\/dienste\/\"},{\"@type\":\"ListItem\",\"position\":3,\"name\":\"Restaurant und Bar\"}]},{\"@type\":\"WebSite\",\"@id\":\"https:\/\/chaityfontaine.eu\/de\/#website\",\"url\":\"https:\/\/chaityfontaine.eu\/de\/\",\"name\":\"Chaityfontaine\",\"description\":\"H\u00f4tel ** - Banneux\",\"publisher\":{\"@id\":\"https:\/\/chaityfontaine.eu\/de\/#organization\"},\"potentialAction\":[{\"@type\":\"SearchAction\",\"target\":{\"@type\":\"EntryPoint\",\"urlTemplate\":\"https:\/\/chaityfontaine.eu\/de\/?s={search_term_string}\"},\"query-input\":{\"@type\":\"PropertyValueSpecification\",\"valueRequired\":true,\"valueName\":\"search_term_string\"}}],\"inLanguage\":\"de\"},{\"@type\":\"Organization\",\"@id\":\"https:\/\/chaityfontaine.eu\/de\/#organization\",\"name\":\"Chaityfontaine\",\"url\":\"https:\/\/chaityfontaine.eu\/de\/\",\"logo\":{\"@type\":\"ImageObject\",\"inLanguage\":\"de\",\"@id\":\"https:\/\/chaityfontaine.eu\/de\/#\/schema\/logo\/image\/\",\"url\":\"https:\/\/chaityfontaine.eu\/wp-content\/uploads\/2024\/01\/cropped-Logo-Chaityfontaine-sans-texte.png\",\"contentUrl\":\"https:\/\/chaityfontaine.eu\/wp-content\/uploads\/2024\/01\/cropped-Logo-Chaityfontaine-sans-texte.png\",\"width\":153,\"height\":74,\"caption\":\"Chaityfontaine\"},\"image\":{\"@id\":\"https:\/\/chaityfontaine.eu\/de\/#\/schema\/logo\/image\/\"}}]}<\/script>\n<!-- \/ Yoast SEO plugin. -->","yoast_head_json":{"title":"Restaurant und Bar - Chaityfontaine","description":"Jeden Morgen Fr\u00fchst\u00fccksbuffet. Verschiedene M\u00f6glichkeiten der (Fest)Men\u00fcgsestaltung. Bar ge\u00f6ffnet bis 22 Uhr 30.","robots":{"index":"index","follow":"follow","max-snippet":"max-snippet:-1","max-image-preview":"max-image-preview:large","max-video-preview":"max-video-preview:-1"},"canonical":"https:\/\/chaityfontaine.eu\/de\/dienste\/restaurant-und-bar\/","og_locale":"de_DE","og_type":"article","og_title":"Restaurant und Bar - Chaityfontaine","og_description":"Jeden Morgen Fr\u00fchst\u00fccksbuffet. Verschiedene M\u00f6glichkeiten der (Fest)Men\u00fcgsestaltung. Bar ge\u00f6ffnet bis 22 Uhr 30.","og_url":"https:\/\/chaityfontaine.eu\/de\/dienste\/restaurant-und-bar\/","og_site_name":"Chaityfontaine","article_modified_time":"2024-10-21T09:10:11+00:00","og_image":[{"width":1400,"height":700,"url":"https:\/\/chaityfontaine.eu\/wp-content\/uploads\/2024\/01\/2023-05-15-Chaityfontaine-29-Bar-1400x700-2.jpg","type":"image\/jpeg"}],"twitter_card":"summary_large_image","twitter_misc":{"Gesch\u00e4tzte Lesezeit":"1\u00a0Minute"},"schema":{"@context":"https:\/\/schema.org","@graph":[{"@type":"WebPage","@id":"https:\/\/chaityfontaine.eu\/de\/dienste\/restaurant-und-bar\/","url":"https:\/\/chaityfontaine.eu\/de\/dienste\/restaurant-und-bar\/","name":"Restaurant und Bar - Chaityfontaine","isPartOf":{"@id":"https:\/\/chaityfontaine.eu\/de\/#website"},"primaryImageOfPage":{"@id":"https:\/\/chaityfontaine.eu\/de\/dienste\/restaurant-und-bar\/#primaryimage"},"image":{"@id":"https:\/\/chaityfontaine.eu\/de\/dienste\/restaurant-und-bar\/#primaryimage"},"thumbnailUrl":"https:\/\/chaityfontaine.eu\/wp-content\/uploads\/2024\/01\/2023-05-15-Chaityfontaine-29-Bar-1400x700-2.jpg","datePublished":"2024-01-04T15:03:43+00:00","dateModified":"2024-10-21T09:10:11+00:00","description":"Jeden Morgen Fr\u00fchst\u00fccksbuffet. Verschiedene M\u00f6glichkeiten der (Fest)Men\u00fcgsestaltung. Bar ge\u00f6ffnet bis 22 Uhr 30.","breadcrumb":{"@id":"https:\/\/chaityfontaine.eu\/de\/dienste\/restaurant-und-bar\/#breadcrumb"},"inLanguage":"de","potentialAction":[{"@type":"ReadAction","target":["https:\/\/chaityfontaine.eu\/de\/dienste\/restaurant-und-bar\/"]}]},{"@type":"ImageObject","inLanguage":"de","@id":"https:\/\/chaityfontaine.eu\/de\/dienste\/restaurant-und-bar\/#primaryimage","url":"https:\/\/chaityfontaine.eu\/wp-content\/uploads\/2024\/01\/2023-05-15-Chaityfontaine-29-Bar-1400x700-2.jpg","contentUrl":"https:\/\/chaityfontaine.eu\/wp-content\/uploads\/2024\/01\/2023-05-15-Chaityfontaine-29-Bar-1400x700-2.jpg","width":1400,"height":700},{"@type":"BreadcrumbList","@id":"https:\/\/chaityfontaine.eu\/de\/dienste\/restaurant-und-bar\/#breadcrumb","itemListElement":[{"@type":"ListItem","position":1,"name":"Accueil","item":"https:\/\/chaityfontaine.eu\/de\/"},{"@type":"ListItem","position":2,"name":"Dienste","item":"https:\/\/chaityfontaine.eu\/de\/dienste\/"},{"@type":"ListItem","position":3,"name":"Restaurant und Bar"}]},{"@type":"WebSite","@id":"https:\/\/chaityfontaine.eu\/de\/#website","url":"https:\/\/chaityfontaine.eu\/de\/","name":"Chaityfontaine","description":"H\u00f4tel ** - Banneux","publisher":{"@id":"https:\/\/chaityfontaine.eu\/de\/#organization"},"potentialAction":[{"@type":"SearchAction","target":{"@type":"EntryPoint","urlTemplate":"https:\/\/chaityfontaine.eu\/de\/?s={search_term_string}"},"query-input":{"@type":"PropertyValueSpecification","valueRequired":true,"valueName":"search_term_string"}}],"inLanguage":"de"},{"@type":"Organization","@id":"https:\/\/chaityfontaine.eu\/de\/#organization","name":"Chaityfontaine","url":"https:\/\/chaityfontaine.eu\/de\/","logo":{"@type":"ImageObject","inLanguage":"de","@id":"https:\/\/chaityfontaine.eu\/de\/#\/schema\/logo\/image\/","url":"https:\/\/chaityfontaine.eu\/wp-content\/uploads\/2024\/01\/cropped-Logo-Chaityfontaine-sans-texte.png","contentUrl":"https:\/\/chaityfontaine.eu\/wp-content\/uploads\/2024\/01\/cropped-Logo-Chaityfontaine-sans-texte.png","width":153,"height":74,"caption":"Chaityfontaine"},"image":{"@id":"https:\/\/chaityfontaine.eu\/de\/#\/schema\/logo\/image\/"}}]}},"jetpack_sharing_enabled":true,"_links":{"self":[{"href":"https:\/\/chaityfontaine.eu\/de\/wp-json\/wp\/v2\/pages\/30608","targetHints":{"allow":["GET"]}}],"collection":[{"href":"https:\/\/chaityfontaine.eu\/de\/wp-json\/wp\/v2\/pages"}],"about":[{"href":"https:\/\/chaityfontaine.eu\/de\/wp-json\/wp\/v2\/types\/page"}],"author":[{"embeddable":true,"href":"https:\/\/chaityfontaine.eu\/de\/wp-json\/wp\/v2\/users\/2"}],"replies":[{"embeddable":true,"href":"https:\/\/chaityfontaine.eu\/de\/wp-json\/wp\/v2\/comments?post=30608"}],"version-history":[{"count":6,"href":"https:\/\/chaityfontaine.eu\/de\/wp-json\/wp\/v2\/pages\/30608\/revisions"}],"predecessor-version":[{"id":30847,"href":"https:\/\/chaityfontaine.eu\/de\/wp-json\/wp\/v2\/pages\/30608\/revisions\/30847"}],"up":[{"embeddable":true,"href":"https:\/\/chaityfontaine.eu\/de\/wp-json\/wp\/v2\/pages\/30541"}],"wp:featuredmedia":[{"embeddable":true,"href":"https:\/\/chaityfontaine.eu\/de\/wp-json\/wp\/v2\/media\/30432"}],"wp:attachment":[{"href":"https:\/\/chaityfontaine.eu\/de\/wp-json\/wp\/v2\/media?parent=30608"}],"curies":[{"name":"wp","href":"https:\/\/api.w.org\/{rel}","templated":true}]}}