{"id":30611,"date":"2024-01-04T15:57:14","date_gmt":"2024-01-04T14:57:14","guid":{"rendered":"https:\/\/new.chaityfontaine.eu\/services\/chambres\/"},"modified":"2024-11-28T10:22:08","modified_gmt":"2024-11-28T09:22:08","slug":"zimmer","status":"publish","type":"page","link":"https:\/\/chaityfontaine.eu\/de\/dienste\/zimmer\/","title":{"rendered":"Zimmer"},"content":{"rendered":"<h3 style=\"text-align: justify;\">M\u00f6glicher Empfang f\u00fcr 60 Personen<\/h3>\n<ul>\n<li style=\"text-align: justify;\">Die ger\u00e4umigen und hellen Zimmer verteilen sich auf 4 Etagen und sind \u00fcber einen Aufzug barrierefrei zug\u00e4nglich.<\/li>\n<li style=\"text-align: justify;\">Sie sind alle mit einem Badezimmer ausgestattet: Waschbecken, Dusche und WC.<\/li>\n<li style=\"text-align: justify;\">Die Zimmer sind mit einem, 2, 3 oder 4 Betten ausgestattet.<\/li>\n<li style=\"text-align: justify;\">Ein Pflegebett ist vorhanden.<\/li>\n<li style=\"text-align: justify;\">Wifi ist \u00fcberall verf\u00fcgbar, und es ist kostenlos.<\/li>\n<li style=\"text-align: justify;\">In den Zimmern gibt es keinen Fernseher, ein Fernseher ist im Erdgeschoss, in der Bar.<\/li>\n<\/ul>\n<p style=\"text-align: justify;\">N.B. W\u00e4hrend Ihres Aufenthalts wird das Zimmer nicht geputzt und die Betten macht der Kunde selbst. (Bei einem Aufpreis ist dies auf Anfrage m\u00f6glich: siehe <a href=\"\/?page_id=30547\" target=\"_blank\" rel=\"noopener\">Tarife<\/a>)<\/p>\n<style type=\"text\/css\">\n#foogallery-gallery-30187.fg-justified .fg-item { margin-right: 2px; margin-bottom: 2px; }\n#foogallery-gallery-30187.fg-justified .fg-image { height: 200px; }<\/style>\n\t\t\t<div class=\"foogallery foogallery-container foogallery-justified foogallery-lightbox-foogallery fg-justified fg-ready fg-light fg-border-thin fg-round-small fg-shadow-outline fg-shadow-inset-small fg-loading-default fg-loaded-fade-in fg-caption-always fg-hover-fade fg-hover-zoom2\" id=\"foogallery-gallery-30187\" data-foogallery=\"{&quot;item&quot;:{&quot;showCaptionTitle&quot;:false,&quot;showCaptionDescription&quot;:false},&quot;lazy&quot;:true,&quot;template&quot;:{&quot;rowHeight&quot;:200,&quot;maxRowHeight&quot;:300,&quot;margins&quot;:2,&quot;align&quot;:&quot;center&quot;,&quot;lastRow&quot;:&quot;smart&quot;}}\" data-foogallery-lightbox=\"{&quot;thumbs&quot;:&quot;bottom&quot;,&quot;thumbsCaptions&quot;:false,&quot;thumbsBestFit&quot;:false,&quot;thumbsSmall&quot;:false,&quot;thumbsCaptionsAlign&quot;:&quot;default&quot;,&quot;info&quot;:&quot;bottom&quot;,&quot;infoVisible&quot;:true,&quot;infoOverlay&quot;:true,&quot;infoAlign&quot;:&quot;default&quot;,&quot;transition&quot;:&quot;fade&quot;,&quot;hoverButtons&quot;:false,&quot;fitMedia&quot;:false,&quot;noScrollbars&quot;:true,&quot;preserveButtonSpace&quot;:true,&quot;buttons&quot;:{&quot;fullscreen&quot;:true,&quot;info&quot;:true,&quot;thumbs&quot;:false},&quot;video&quot;:{&quot;autoPlay&quot;:true}}\" style=\"--fg-title-line-clamp: 0; --fg-description-line-clamp: 0;\" >\n\t<div class=\"fg-item fg-type-image fg-idle\"><figure class=\"fg-item-inner\"><a href=\"https:\/\/chaityfontaine.eu\/wp-content\/uploads\/2023\/05\/2023-05-15-Chaityfontaine-15.jpg\" data-attachment-id=\"29741\" data-type=\"image\" class=\"fg-thumb\"><span class=\"fg-image-wrap\"><img fetchpriority=\"high\" decoding=\"async\" height=\"300\" width=\"450\" class=\"skip-lazy fg-image\" data-src-fg=\"https:\/\/chaityfontaine.eu\/wp-content\/uploads\/cache\/2023\/05\/2023-05-15-Chaityfontaine-15\/960137019.jpg\" src=\"data:image\/svg+xml,%3Csvg%20xmlns%3D%22http%3A%2F%2Fwww.w3.org%2F2000%2Fsvg%22%20width%3D%22450%22%20height%3D%22300%22%20viewBox%3D%220%200%20450%20300%22%3E%3C%2Fsvg%3E\" loading=\"eager\"><\/span><span class=\"fg-image-overlay\"><\/span><\/a><\/figure><div class=\"fg-loader\"><\/div><\/div><div class=\"fg-item fg-type-image fg-idle\"><figure class=\"fg-item-inner\"><a href=\"https:\/\/chaityfontaine.eu\/wp-content\/uploads\/2023\/05\/2023-05-15-Chaityfontaine-11.jpg\" data-attachment-id=\"29725\" data-type=\"image\" class=\"fg-thumb\"><span class=\"fg-image-wrap\"><img decoding=\"async\" height=\"300\" width=\"450\" class=\"skip-lazy fg-image\" data-src-fg=\"https:\/\/chaityfontaine.eu\/wp-content\/uploads\/cache\/2023\/05\/2023-05-15-Chaityfontaine-11\/4187276425.jpg\" src=\"data:image\/svg+xml,%3Csvg%20xmlns%3D%22http%3A%2F%2Fwww.w3.org%2F2000%2Fsvg%22%20width%3D%22450%22%20height%3D%22300%22%20viewBox%3D%220%200%20450%20300%22%3E%3C%2Fsvg%3E\" loading=\"eager\"><\/span><span class=\"fg-image-overlay\"><\/span><\/a><\/figure><div class=\"fg-loader\"><\/div><\/div><div class=\"fg-item fg-type-image fg-idle\"><figure class=\"fg-item-inner\"><a href=\"https:\/\/chaityfontaine.eu\/wp-content\/uploads\/2023\/05\/2023-05-15-Chaityfontaine-14-rotated.jpg\" data-attachment-id=\"29737\" data-type=\"image\" class=\"fg-thumb\"><span class=\"fg-image-wrap\"><img decoding=\"async\" height=\"300\" width=\"200\" class=\"skip-lazy fg-image\" data-src-fg=\"https:\/\/chaityfontaine.eu\/wp-content\/uploads\/cache\/2023\/05\/2023-05-15-Chaityfontaine-14-rotated\/544212394.jpg\" src=\"data:image\/svg+xml,%3Csvg%20xmlns%3D%22http%3A%2F%2Fwww.w3.org%2F2000%2Fsvg%22%20width%3D%22200%22%20height%3D%22300%22%20viewBox%3D%220%200%20200%20300%22%3E%3C%2Fsvg%3E\" loading=\"eager\"><\/span><span class=\"fg-image-overlay\"><\/span><\/a><\/figure><div class=\"fg-loader\"><\/div><\/div><div class=\"fg-item fg-type-image fg-idle\"><figure class=\"fg-item-inner\"><a href=\"https:\/\/chaityfontaine.eu\/wp-content\/uploads\/2023\/05\/2023-05-15-Chaityfontaine-10-rotated.jpg\" data-attachment-id=\"29717\" data-type=\"image\" class=\"fg-thumb\"><span class=\"fg-image-wrap\"><img decoding=\"async\" height=\"300\" width=\"200\" class=\"skip-lazy fg-image\" data-src-fg=\"https:\/\/chaityfontaine.eu\/wp-content\/uploads\/cache\/2023\/05\/2023-05-15-Chaityfontaine-10-rotated\/4027465282.jpg\" src=\"data:image\/svg+xml,%3Csvg%20xmlns%3D%22http%3A%2F%2Fwww.w3.org%2F2000%2Fsvg%22%20width%3D%22200%22%20height%3D%22300%22%20viewBox%3D%220%200%20200%20300%22%3E%3C%2Fsvg%3E\" loading=\"eager\"><\/span><span class=\"fg-image-overlay\"><\/span><\/a><\/figure><div class=\"fg-loader\"><\/div><\/div><div class=\"fg-item fg-type-image fg-idle\"><figure class=\"fg-item-inner\"><a href=\"https:\/\/chaityfontaine.eu\/wp-content\/uploads\/2023\/05\/2023-05-15-Chaityfontaine-12.jpg\" data-attachment-id=\"29729\" data-type=\"image\" class=\"fg-thumb\"><span class=\"fg-image-wrap\"><img decoding=\"async\" height=\"300\" width=\"450\" class=\"skip-lazy fg-image\" data-src-fg=\"https:\/\/chaityfontaine.eu\/wp-content\/uploads\/cache\/2023\/05\/2023-05-15-Chaityfontaine-12\/2722096624.jpg\" src=\"data:image\/svg+xml,%3Csvg%20xmlns%3D%22http%3A%2F%2Fwww.w3.org%2F2000%2Fsvg%22%20width%3D%22450%22%20height%3D%22300%22%20viewBox%3D%220%200%20450%20300%22%3E%3C%2Fsvg%3E\" loading=\"eager\"><\/span><span class=\"fg-image-overlay\"><\/span><\/a><\/figure><div class=\"fg-loader\"><\/div><\/div><div class=\"fg-item fg-type-image fg-idle\"><figure class=\"fg-item-inner\"><a href=\"https:\/\/chaityfontaine.eu\/wp-content\/uploads\/2023\/05\/2023-05-15-Chaityfontaine-13.jpg\" data-attachment-id=\"29733\" data-type=\"image\" class=\"fg-thumb\"><span class=\"fg-image-wrap\"><img decoding=\"async\" height=\"300\" width=\"450\" class=\"skip-lazy fg-image\" data-src-fg=\"https:\/\/chaityfontaine.eu\/wp-content\/uploads\/cache\/2023\/05\/2023-05-15-Chaityfontaine-13\/1678614515.jpg\" src=\"data:image\/svg+xml,%3Csvg%20xmlns%3D%22http%3A%2F%2Fwww.w3.org%2F2000%2Fsvg%22%20width%3D%22450%22%20height%3D%22300%22%20viewBox%3D%220%200%20450%20300%22%3E%3C%2Fsvg%3E\" loading=\"eager\"><\/span><span class=\"fg-image-overlay\"><\/span><\/a><\/figure><div class=\"fg-loader\"><\/div><\/div><div class=\"fg-item fg-type-image fg-idle\"><figure class=\"fg-item-inner\"><a href=\"https:\/\/chaityfontaine.eu\/wp-content\/uploads\/2023\/05\/2023-05-15-Chaityfontaine-7.jpg\" data-attachment-id=\"29809\" data-type=\"image\" class=\"fg-thumb\"><span class=\"fg-image-wrap\"><img decoding=\"async\" height=\"300\" width=\"450\" class=\"skip-lazy fg-image\" data-src-fg=\"https:\/\/chaityfontaine.eu\/wp-content\/uploads\/cache\/2023\/05\/2023-05-15-Chaityfontaine-7\/707514177.jpg\" src=\"data:image\/svg+xml,%3Csvg%20xmlns%3D%22http%3A%2F%2Fwww.w3.org%2F2000%2Fsvg%22%20width%3D%22450%22%20height%3D%22300%22%20viewBox%3D%220%200%20450%20300%22%3E%3C%2Fsvg%3E\" loading=\"eager\"><\/span><span class=\"fg-image-overlay\"><\/span><\/a><\/figure><div class=\"fg-loader\"><\/div><\/div><div class=\"fg-item fg-type-image fg-idle\"><figure class=\"fg-item-inner\"><a href=\"https:\/\/chaityfontaine.eu\/wp-content\/uploads\/2023\/05\/2023-05-15-Chaityfontaine-16-rotated.jpg\" data-attachment-id=\"29745\" data-type=\"image\" class=\"fg-thumb\"><span class=\"fg-image-wrap\"><img decoding=\"async\" height=\"300\" width=\"200\" class=\"skip-lazy fg-image\" data-src-fg=\"https:\/\/chaityfontaine.eu\/wp-content\/uploads\/cache\/2023\/05\/2023-05-15-Chaityfontaine-16-rotated\/3503291241.jpg\" src=\"data:image\/svg+xml,%3Csvg%20xmlns%3D%22http%3A%2F%2Fwww.w3.org%2F2000%2Fsvg%22%20width%3D%22200%22%20height%3D%22300%22%20viewBox%3D%220%200%20200%20300%22%3E%3C%2Fsvg%3E\" loading=\"eager\"><\/span><span class=\"fg-image-overlay\"><\/span><\/a><\/figure><div class=\"fg-loader\"><\/div><\/div><div class=\"fg-item fg-type-image fg-idle\"><figure class=\"fg-item-inner\"><a href=\"https:\/\/chaityfontaine.eu\/wp-content\/uploads\/2023\/05\/2023-05-15-Chaityfontaine-9-rotated.jpg\" data-attachment-id=\"29817\" data-type=\"image\" class=\"fg-thumb\"><span class=\"fg-image-wrap\"><img decoding=\"async\" height=\"300\" width=\"200\" class=\"skip-lazy fg-image\" data-src-fg=\"https:\/\/chaityfontaine.eu\/wp-content\/uploads\/cache\/2023\/05\/2023-05-15-Chaityfontaine-9-rotated\/3898487525.jpg\" src=\"data:image\/svg+xml,%3Csvg%20xmlns%3D%22http%3A%2F%2Fwww.w3.org%2F2000%2Fsvg%22%20width%3D%22200%22%20height%3D%22300%22%20viewBox%3D%220%200%20200%20300%22%3E%3C%2Fsvg%3E\" loading=\"eager\"><\/span><span class=\"fg-image-overlay\"><\/span><\/a><\/figure><div class=\"fg-loader\"><\/div><\/div><\/div>\n\n<p>&nbsp;<\/p>\n","protected":false},"excerpt":{"rendered":"<p>M\u00f6glicher Empfang f\u00fcr 60 Personen Die ger\u00e4umigen und hellen Zimmer verteilen sich auf 4 Etagen und sind \u00fcber einen Aufzug barrierefrei zug\u00e4nglich. Sie sind alle&hellip;<\/p>\n","protected":false},"author":2,"featured_media":30405,"parent":30541,"menu_order":0,"comment_status":"closed","ping_status":"closed","template":"","meta":{"footnotes":""},"class_list":["post-30611","page","type-page","status-publish","has-post-thumbnail","hentry"],"yoast_head":"<!-- This site is optimized with the Yoast SEO plugin v27.0 - https:\/\/yoast.com\/product\/yoast-seo-wordpress\/ -->\n<title>Zimmer - Chaityfontaine<\/title>\n<meta name=\"description\" content=\"Die ger\u00e4umigen und hellen Zimmer sind alle mit einem Badezimmer ausgestattet: Waschbecken, Dusche und WC.\" \/>\n<meta name=\"robots\" content=\"index, follow, max-snippet:-1, max-image-preview:large, max-video-preview:-1\" \/>\n<link rel=\"canonical\" href=\"https:\/\/chaityfontaine.eu\/de\/dienste\/zimmer\/\" \/>\n<meta property=\"og:locale\" content=\"de_DE\" \/>\n<meta property=\"og:type\" content=\"article\" \/>\n<meta property=\"og:title\" content=\"Zimmer - Chaityfontaine\" \/>\n<meta property=\"og:description\" content=\"Die ger\u00e4umigen und hellen Zimmer sind alle mit einem Badezimmer ausgestattet: Waschbecken, Dusche und WC.\" \/>\n<meta property=\"og:url\" content=\"https:\/\/chaityfontaine.eu\/de\/dienste\/zimmer\/\" \/>\n<meta property=\"og:site_name\" content=\"Chaityfontaine\" \/>\n<meta property=\"article:modified_time\" content=\"2024-11-28T09:22:08+00:00\" \/>\n<meta property=\"og:image\" content=\"https:\/\/chaityfontaine.eu\/wp-content\/uploads\/2024\/01\/2023-05-15-Chaityfontaine-8-Chambre-1400x700-1.jpg\" \/>\n\t<meta property=\"og:image:width\" content=\"1400\" \/>\n\t<meta property=\"og:image:height\" content=\"700\" \/>\n\t<meta property=\"og:image:type\" content=\"image\/jpeg\" \/>\n<meta name=\"twitter:card\" content=\"summary_large_image\" \/>\n<meta name=\"twitter:label1\" content=\"Gesch\u00e4tzte Lesezeit\" \/>\n\t<meta name=\"twitter:data1\" content=\"1\u00a0Minute\" \/>\n<script type=\"application\/ld+json\" class=\"yoast-schema-graph\">{\"@context\":\"https:\/\/schema.org\",\"@graph\":[{\"@type\":\"WebPage\",\"@id\":\"https:\/\/chaityfontaine.eu\/de\/dienste\/zimmer\/\",\"url\":\"https:\/\/chaityfontaine.eu\/de\/dienste\/zimmer\/\",\"name\":\"Zimmer - Chaityfontaine\",\"isPartOf\":{\"@id\":\"https:\/\/chaityfontaine.eu\/de\/#website\"},\"primaryImageOfPage\":{\"@id\":\"https:\/\/chaityfontaine.eu\/de\/dienste\/zimmer\/#primaryimage\"},\"image\":{\"@id\":\"https:\/\/chaityfontaine.eu\/de\/dienste\/zimmer\/#primaryimage\"},\"thumbnailUrl\":\"https:\/\/chaityfontaine.eu\/wp-content\/uploads\/2024\/01\/2023-05-15-Chaityfontaine-8-Chambre-1400x700-1.jpg\",\"datePublished\":\"2024-01-04T14:57:14+00:00\",\"dateModified\":\"2024-11-28T09:22:08+00:00\",\"description\":\"Die ger\u00e4umigen und hellen Zimmer sind alle mit einem Badezimmer ausgestattet: Waschbecken, Dusche und WC.\",\"breadcrumb\":{\"@id\":\"https:\/\/chaityfontaine.eu\/de\/dienste\/zimmer\/#breadcrumb\"},\"inLanguage\":\"de\",\"potentialAction\":[{\"@type\":\"ReadAction\",\"target\":[\"https:\/\/chaityfontaine.eu\/de\/dienste\/zimmer\/\"]}]},{\"@type\":\"ImageObject\",\"inLanguage\":\"de\",\"@id\":\"https:\/\/chaityfontaine.eu\/de\/dienste\/zimmer\/#primaryimage\",\"url\":\"https:\/\/chaityfontaine.eu\/wp-content\/uploads\/2024\/01\/2023-05-15-Chaityfontaine-8-Chambre-1400x700-1.jpg\",\"contentUrl\":\"https:\/\/chaityfontaine.eu\/wp-content\/uploads\/2024\/01\/2023-05-15-Chaityfontaine-8-Chambre-1400x700-1.jpg\",\"width\":1400,\"height\":700},{\"@type\":\"BreadcrumbList\",\"@id\":\"https:\/\/chaityfontaine.eu\/de\/dienste\/zimmer\/#breadcrumb\",\"itemListElement\":[{\"@type\":\"ListItem\",\"position\":1,\"name\":\"Accueil\",\"item\":\"https:\/\/chaityfontaine.eu\/de\/\"},{\"@type\":\"ListItem\",\"position\":2,\"name\":\"Dienste\",\"item\":\"https:\/\/chaityfontaine.eu\/de\/dienste\/\"},{\"@type\":\"ListItem\",\"position\":3,\"name\":\"Zimmer\"}]},{\"@type\":\"WebSite\",\"@id\":\"https:\/\/chaityfontaine.eu\/de\/#website\",\"url\":\"https:\/\/chaityfontaine.eu\/de\/\",\"name\":\"Chaityfontaine\",\"description\":\"H\u00f4tel ** - Banneux\",\"publisher\":{\"@id\":\"https:\/\/chaityfontaine.eu\/de\/#organization\"},\"potentialAction\":[{\"@type\":\"SearchAction\",\"target\":{\"@type\":\"EntryPoint\",\"urlTemplate\":\"https:\/\/chaityfontaine.eu\/de\/?s={search_term_string}\"},\"query-input\":{\"@type\":\"PropertyValueSpecification\",\"valueRequired\":true,\"valueName\":\"search_term_string\"}}],\"inLanguage\":\"de\"},{\"@type\":\"Organization\",\"@id\":\"https:\/\/chaityfontaine.eu\/de\/#organization\",\"name\":\"Chaityfontaine\",\"url\":\"https:\/\/chaityfontaine.eu\/de\/\",\"logo\":{\"@type\":\"ImageObject\",\"inLanguage\":\"de\",\"@id\":\"https:\/\/chaityfontaine.eu\/de\/#\/schema\/logo\/image\/\",\"url\":\"https:\/\/chaityfontaine.eu\/wp-content\/uploads\/2024\/01\/cropped-Logo-Chaityfontaine-sans-texte.png\",\"contentUrl\":\"https:\/\/chaityfontaine.eu\/wp-content\/uploads\/2024\/01\/cropped-Logo-Chaityfontaine-sans-texte.png\",\"width\":153,\"height\":74,\"caption\":\"Chaityfontaine\"},\"image\":{\"@id\":\"https:\/\/chaityfontaine.eu\/de\/#\/schema\/logo\/image\/\"}}]}<\/script>\n<!-- \/ Yoast SEO plugin. -->","yoast_head_json":{"title":"Zimmer - Chaityfontaine","description":"Die ger\u00e4umigen und hellen Zimmer sind alle mit einem Badezimmer ausgestattet: Waschbecken, Dusche und WC.","robots":{"index":"index","follow":"follow","max-snippet":"max-snippet:-1","max-image-preview":"max-image-preview:large","max-video-preview":"max-video-preview:-1"},"canonical":"https:\/\/chaityfontaine.eu\/de\/dienste\/zimmer\/","og_locale":"de_DE","og_type":"article","og_title":"Zimmer - Chaityfontaine","og_description":"Die ger\u00e4umigen und hellen Zimmer sind alle mit einem Badezimmer ausgestattet: Waschbecken, Dusche und WC.","og_url":"https:\/\/chaityfontaine.eu\/de\/dienste\/zimmer\/","og_site_name":"Chaityfontaine","article_modified_time":"2024-11-28T09:22:08+00:00","og_image":[{"width":1400,"height":700,"url":"https:\/\/chaityfontaine.eu\/wp-content\/uploads\/2024\/01\/2023-05-15-Chaityfontaine-8-Chambre-1400x700-1.jpg","type":"image\/jpeg"}],"twitter_card":"summary_large_image","twitter_misc":{"Gesch\u00e4tzte Lesezeit":"1\u00a0Minute"},"schema":{"@context":"https:\/\/schema.org","@graph":[{"@type":"WebPage","@id":"https:\/\/chaityfontaine.eu\/de\/dienste\/zimmer\/","url":"https:\/\/chaityfontaine.eu\/de\/dienste\/zimmer\/","name":"Zimmer - Chaityfontaine","isPartOf":{"@id":"https:\/\/chaityfontaine.eu\/de\/#website"},"primaryImageOfPage":{"@id":"https:\/\/chaityfontaine.eu\/de\/dienste\/zimmer\/#primaryimage"},"image":{"@id":"https:\/\/chaityfontaine.eu\/de\/dienste\/zimmer\/#primaryimage"},"thumbnailUrl":"https:\/\/chaityfontaine.eu\/wp-content\/uploads\/2024\/01\/2023-05-15-Chaityfontaine-8-Chambre-1400x700-1.jpg","datePublished":"2024-01-04T14:57:14+00:00","dateModified":"2024-11-28T09:22:08+00:00","description":"Die ger\u00e4umigen und hellen Zimmer sind alle mit einem Badezimmer ausgestattet: Waschbecken, Dusche und WC.","breadcrumb":{"@id":"https:\/\/chaityfontaine.eu\/de\/dienste\/zimmer\/#breadcrumb"},"inLanguage":"de","potentialAction":[{"@type":"ReadAction","target":["https:\/\/chaityfontaine.eu\/de\/dienste\/zimmer\/"]}]},{"@type":"ImageObject","inLanguage":"de","@id":"https:\/\/chaityfontaine.eu\/de\/dienste\/zimmer\/#primaryimage","url":"https:\/\/chaityfontaine.eu\/wp-content\/uploads\/2024\/01\/2023-05-15-Chaityfontaine-8-Chambre-1400x700-1.jpg","contentUrl":"https:\/\/chaityfontaine.eu\/wp-content\/uploads\/2024\/01\/2023-05-15-Chaityfontaine-8-Chambre-1400x700-1.jpg","width":1400,"height":700},{"@type":"BreadcrumbList","@id":"https:\/\/chaityfontaine.eu\/de\/dienste\/zimmer\/#breadcrumb","itemListElement":[{"@type":"ListItem","position":1,"name":"Accueil","item":"https:\/\/chaityfontaine.eu\/de\/"},{"@type":"ListItem","position":2,"name":"Dienste","item":"https:\/\/chaityfontaine.eu\/de\/dienste\/"},{"@type":"ListItem","position":3,"name":"Zimmer"}]},{"@type":"WebSite","@id":"https:\/\/chaityfontaine.eu\/de\/#website","url":"https:\/\/chaityfontaine.eu\/de\/","name":"Chaityfontaine","description":"H\u00f4tel ** - Banneux","publisher":{"@id":"https:\/\/chaityfontaine.eu\/de\/#organization"},"potentialAction":[{"@type":"SearchAction","target":{"@type":"EntryPoint","urlTemplate":"https:\/\/chaityfontaine.eu\/de\/?s={search_term_string}"},"query-input":{"@type":"PropertyValueSpecification","valueRequired":true,"valueName":"search_term_string"}}],"inLanguage":"de"},{"@type":"Organization","@id":"https:\/\/chaityfontaine.eu\/de\/#organization","name":"Chaityfontaine","url":"https:\/\/chaityfontaine.eu\/de\/","logo":{"@type":"ImageObject","inLanguage":"de","@id":"https:\/\/chaityfontaine.eu\/de\/#\/schema\/logo\/image\/","url":"https:\/\/chaityfontaine.eu\/wp-content\/uploads\/2024\/01\/cropped-Logo-Chaityfontaine-sans-texte.png","contentUrl":"https:\/\/chaityfontaine.eu\/wp-content\/uploads\/2024\/01\/cropped-Logo-Chaityfontaine-sans-texte.png","width":153,"height":74,"caption":"Chaityfontaine"},"image":{"@id":"https:\/\/chaityfontaine.eu\/de\/#\/schema\/logo\/image\/"}}]}},"jetpack_sharing_enabled":true,"_links":{"self":[{"href":"https:\/\/chaityfontaine.eu\/de\/wp-json\/wp\/v2\/pages\/30611","targetHints":{"allow":["GET"]}}],"collection":[{"href":"https:\/\/chaityfontaine.eu\/de\/wp-json\/wp\/v2\/pages"}],"about":[{"href":"https:\/\/chaityfontaine.eu\/de\/wp-json\/wp\/v2\/types\/page"}],"author":[{"embeddable":true,"href":"https:\/\/chaityfontaine.eu\/de\/wp-json\/wp\/v2\/users\/2"}],"replies":[{"embeddable":true,"href":"https:\/\/chaityfontaine.eu\/de\/wp-json\/wp\/v2\/comments?post=30611"}],"version-history":[{"count":6,"href":"https:\/\/chaityfontaine.eu\/de\/wp-json\/wp\/v2\/pages\/30611\/revisions"}],"predecessor-version":[{"id":30877,"href":"https:\/\/chaityfontaine.eu\/de\/wp-json\/wp\/v2\/pages\/30611\/revisions\/30877"}],"up":[{"embeddable":true,"href":"https:\/\/chaityfontaine.eu\/de\/wp-json\/wp\/v2\/pages\/30541"}],"wp:featuredmedia":[{"embeddable":true,"href":"https:\/\/chaityfontaine.eu\/de\/wp-json\/wp\/v2\/media\/30405"}],"wp:attachment":[{"href":"https:\/\/chaityfontaine.eu\/de\/wp-json\/wp\/v2\/media?parent=30611"}],"curies":[{"name":"wp","href":"https:\/\/api.w.org\/{rel}","templated":true}]}}