{"id":30928,"date":"2025-06-12T19:10:34","date_gmt":"2025-06-12T17:10:34","guid":{"rendered":"https:\/\/chaityfontaine.eu\/?page_id=30928"},"modified":"2026-02-12T15:18:46","modified_gmt":"2026-02-12T14:18:46","slug":"tarife-2025","status":"publish","type":"page","link":"https:\/\/chaityfontaine.eu\/de\/tarife-2025\/","title":{"rendered":"Tarife 2026"},"content":{"rendered":"<div class=\"flex flex-titre-texte format\">\n<div class=\"banner-content\">\n<h2 class=\"titre ng-isolate-scope fade-in-when-visible\">\u00dcbernachtungen<\/h2>\n<div class=\"texte ng-isolate-scope fade-in-when-visible\">\n<div class=\"flex flex-titre-texte format\">\n<div class=\"banner-content\">\n<div class=\"texte ng-isolate-scope fade-in-when-visible\">\n<h3>Zimmer (ohne Fr\u00fcst\u00fcck)<\/h3>\n<ul>\n<li>Zweibittzimmer: <strong>93,50\u20ac<\/strong><\/li>\n<li>Zimmer f\u00fcr Familie (2 Erwachsenen + 1 Kind): <strong>112,50\u20ac<\/strong><\/li>\n<li>Dreibettzimmer:\u00a0<strong>139\u20ac<\/strong><\/li>\n<li>Einzelzimmer: <strong>61,50\u20ac<\/strong><\/li>\n<\/ul>\n<h4>Kinder<\/h4>\n<ul>\n<li>bis 6 Jahr: kostenlos im Zimmer der Eltern<\/li>\n<li>7-12 Jahr: auf Anfrage<\/li>\n<\/ul>\n<h3>Nachtrag:<\/h3>\n<ul>\n<li>t\u00e4gliche Zimmerreinigung: <strong>\u20ac \/ Nacht<\/strong><\/li>\n<\/ul>\n<p style=\"text-align: justify;\">Die Unterkunft \u00fcbernimmt keine Zimmerwartung w\u00e4hrend des Aufenthalts, au\u00dfer auf Anfrage der G\u00e4ste. Dieser Service ist bei der Buchung oder bei der Ankunft zu beantragen.<\/p>\n<p style=\"text-align: justify;\">Bei einem Aufenthalt von mehr als einer Woche wird die Reinigung und die Bettw\u00e4sche erneuert.<\/p>\n<\/div>\n<\/div>\n<\/div>\n<\/div>\n<\/div>\n<\/div>\n<h3><img loading=\"lazy\" decoding=\"async\" class=\"size-full wp-image-29929 aligncenter\" src=\"https:\/\/chaityfontaine.eu\/wp-content\/uploads\/2023\/06\/Logo-Chaityfontaine-sans-texte.png\" alt=\"\" width=\"153\" height=\"74\" srcset=\"https:\/\/chaityfontaine.eu\/wp-content\/uploads\/2023\/06\/Logo-Chaityfontaine-sans-texte.png 153w, https:\/\/chaityfontaine.eu\/wp-content\/uploads\/2023\/06\/Logo-Chaityfontaine-sans-texte-150x74.png 150w\" sizes=\"auto, (max-width: 153px) 100vw, 153px\" \/><\/h3>\n<div class=\"flex flex-titre-texte format\">\n<div class=\"banner-content\">\n<div class=\"texte ng-isolate-scope fade-in-when-visible\">\n<div class=\"flex flex-titre-texte format\">\n<div class=\"banner-content\">\n<h2 class=\"titre ng-isolate-scope fade-in-when-visible\">Mahlzeiten<\/h2>\n<div class=\"texte ng-isolate-scope fade-in-when-visible\">\n<h3>Erwachsene<\/h3>\n<ul>\n<li>Fr\u00fchst\u00fcck (oder kleiner Imbiss um 4 Uhr): <strong>10\u20ac<\/strong><\/li>\n<li>Mittagessen (Suppe, Tagesmen\u00fc, Nachtisch, Wasser, Kaffee): <strong>20\u20ac<\/strong><\/li>\n<li>Abendessen (Kalte Platte, Nachtisch, Wasser):\u00a0<strong>15\u20ac<\/strong><\/li>\n<\/ul>\n<h3>Kinder<\/h3>\n<ul>\n<li>Fr\u00fchst\u00fcck (oder kleiner Imbiss um 4 Uhr): <strong>7\u20ac<\/strong><\/li>\n<li>Mittagessen:\u00a0<strong>14\u20ac<\/strong><\/li>\n<li>Abendessen: <strong>9\u20ac<\/strong><\/li>\n<\/ul>\n<ul>\n<li>Kind (0 bis 6 Jahr) :\u00a0<strong>0\u20ac<\/strong><\/li>\n<\/ul>\n<h3><img loading=\"lazy\" decoding=\"async\" class=\"size-full wp-image-29929 aligncenter\" src=\"https:\/\/chaityfontaine.eu\/wp-content\/uploads\/2023\/06\/Logo-Chaityfontaine-sans-texte.png\" alt=\"\" width=\"153\" height=\"74\" srcset=\"https:\/\/chaityfontaine.eu\/wp-content\/uploads\/2023\/06\/Logo-Chaityfontaine-sans-texte.png 153w, https:\/\/chaityfontaine.eu\/wp-content\/uploads\/2023\/06\/Logo-Chaityfontaine-sans-texte-150x74.png 150w\" sizes=\"auto, (max-width: 153px) 100vw, 153px\" \/><\/h3>\n<\/div>\n<\/div>\n<\/div>\n<h2>\u00a0Miete Festsaal\/Versammlungsraum<\/h2>\n<div class=\"flex flex-titre-texte format\">\n<div class=\"banner-content\">\n<div class=\"texte ng-isolate-scope fade-in-when-visible\">\n<ul>\n<li>1 Tag: <strong>245\u20ac<\/strong><\/li>\n<li><em>Beamer<\/em>: <strong>30\u20ac<\/strong><\/li>\n<\/ul>\n<\/div>\n<\/div>\n<\/div>\n<\/div>\n<\/div>\n<\/div>\n<div class=\"flex flex-titre-texte format\">\n<div class=\"banner-content\">\n<div class=\"texte ng-isolate-scope fade-in-when-visible\">\n<p><img loading=\"lazy\" decoding=\"async\" class=\"size-full wp-image-29643 aligncenter\" src=\"https:\/\/chaityfontaine.eu\/wp-content\/uploads\/2024\/01\/Logo-Chaityfontaine-sans-texte.png\" alt=\"\" width=\"153\" height=\"74\" srcset=\"https:\/\/chaityfontaine.eu\/wp-content\/uploads\/2024\/01\/Logo-Chaityfontaine-sans-texte.png 153w, https:\/\/chaityfontaine.eu\/wp-content\/uploads\/2024\/01\/Logo-Chaityfontaine-sans-texte-150x74.png 150w\" sizes=\"auto, (max-width: 153px) 100vw, 153px\" \/><\/p>\n<p>&nbsp;<\/p>\n<\/div>\n<\/div>\n<\/div>\n","protected":false},"excerpt":{"rendered":"<p>\u00dcbernachtungen Zimmer (ohne Fr\u00fcst\u00fcck) Zweibittzimmer: 93,50\u20ac Zimmer f\u00fcr Familie (2 Erwachsenen + 1 Kind): 112,50\u20ac Dreibettzimmer:\u00a0139\u20ac Einzelzimmer: 61,50\u20ac Kinder bis 6 Jahr: kostenlos im Zimmer&hellip;<\/p>\n","protected":false},"author":2,"featured_media":30519,"parent":0,"menu_order":0,"comment_status":"closed","ping_status":"closed","template":"","meta":{"footnotes":""},"class_list":["post-30928","page","type-page","status-publish","has-post-thumbnail","hentry"],"yoast_head":"<!-- This site is optimized with the Yoast SEO plugin v27.0 - https:\/\/yoast.com\/product\/yoast-seo-wordpress\/ -->\n<title>Tarife 2026 - Chaityfontaine<\/title>\n<meta name=\"description\" content=\"\u00dcbernachtungen und Mahlzeiten im Chaityfontaine. Zweibittzimmer, Zimmer f\u00fcr Familie, Dreibettzimmer, Einzelzimmer.\" \/>\n<meta name=\"robots\" content=\"index, follow, max-snippet:-1, max-image-preview:large, max-video-preview:-1\" \/>\n<link rel=\"canonical\" href=\"https:\/\/chaityfontaine.eu\/de\/tarife-2025\/\" \/>\n<meta property=\"og:locale\" content=\"de_DE\" \/>\n<meta property=\"og:type\" content=\"article\" \/>\n<meta property=\"og:title\" content=\"Tarife 2026 - Chaityfontaine\" \/>\n<meta property=\"og:description\" content=\"\u00dcbernachtungen und Mahlzeiten im Chaityfontaine. Zweibittzimmer, Zimmer f\u00fcr Familie, Dreibettzimmer, Einzelzimmer.\" \/>\n<meta property=\"og:url\" content=\"https:\/\/chaityfontaine.eu\/de\/tarife-2025\/\" \/>\n<meta property=\"og:site_name\" content=\"Chaityfontaine\" \/>\n<meta property=\"article:modified_time\" content=\"2026-02-12T14:18:46+00:00\" \/>\n<meta property=\"og:image\" content=\"https:\/\/chaityfontaine.eu\/wp-content\/uploads\/2024\/01\/Terminal-de-paiement-6832851-CC0-Pixabay-e1704922651328.png\" \/>\n\t<meta property=\"og:image:width\" content=\"1920\" \/>\n\t<meta property=\"og:image:height\" content=\"1595\" \/>\n\t<meta property=\"og:image:type\" content=\"image\/png\" \/>\n<meta name=\"twitter:card\" content=\"summary_large_image\" \/>\n<meta name=\"twitter:label1\" content=\"Gesch\u00e4tzte Lesezeit\" \/>\n\t<meta name=\"twitter:data1\" content=\"2\u00a0Minuten\" \/>\n<script type=\"application\/ld+json\" class=\"yoast-schema-graph\">{\"@context\":\"https:\/\/schema.org\",\"@graph\":[{\"@type\":\"WebPage\",\"@id\":\"https:\/\/chaityfontaine.eu\/de\/tarife-2025\/\",\"url\":\"https:\/\/chaityfontaine.eu\/de\/tarife-2025\/\",\"name\":\"Tarife 2026 - Chaityfontaine\",\"isPartOf\":{\"@id\":\"https:\/\/chaityfontaine.eu\/de\/#website\"},\"primaryImageOfPage\":{\"@id\":\"https:\/\/chaityfontaine.eu\/de\/tarife-2025\/#primaryimage\"},\"image\":{\"@id\":\"https:\/\/chaityfontaine.eu\/de\/tarife-2025\/#primaryimage\"},\"thumbnailUrl\":\"https:\/\/chaityfontaine.eu\/wp-content\/uploads\/2024\/01\/Terminal-de-paiement-6832851-CC0-Pixabay-e1704922651328.png\",\"datePublished\":\"2025-06-12T17:10:34+00:00\",\"dateModified\":\"2026-02-12T14:18:46+00:00\",\"description\":\"\u00dcbernachtungen und Mahlzeiten im Chaityfontaine. Zweibittzimmer, Zimmer f\u00fcr Familie, Dreibettzimmer, Einzelzimmer.\",\"breadcrumb\":{\"@id\":\"https:\/\/chaityfontaine.eu\/de\/tarife-2025\/#breadcrumb\"},\"inLanguage\":\"de\",\"potentialAction\":[{\"@type\":\"ReadAction\",\"target\":[\"https:\/\/chaityfontaine.eu\/de\/tarife-2025\/\"]}]},{\"@type\":\"ImageObject\",\"inLanguage\":\"de\",\"@id\":\"https:\/\/chaityfontaine.eu\/de\/tarife-2025\/#primaryimage\",\"url\":\"https:\/\/chaityfontaine.eu\/wp-content\/uploads\/2024\/01\/Terminal-de-paiement-6832851-CC0-Pixabay-e1704922651328.png\",\"contentUrl\":\"https:\/\/chaityfontaine.eu\/wp-content\/uploads\/2024\/01\/Terminal-de-paiement-6832851-CC0-Pixabay-e1704922651328.png\",\"width\":1920,\"height\":1595},{\"@type\":\"BreadcrumbList\",\"@id\":\"https:\/\/chaityfontaine.eu\/de\/tarife-2025\/#breadcrumb\",\"itemListElement\":[{\"@type\":\"ListItem\",\"position\":1,\"name\":\"Accueil\",\"item\":\"https:\/\/chaityfontaine.eu\/de\/\"},{\"@type\":\"ListItem\",\"position\":2,\"name\":\"Tarife 2026\"}]},{\"@type\":\"WebSite\",\"@id\":\"https:\/\/chaityfontaine.eu\/de\/#website\",\"url\":\"https:\/\/chaityfontaine.eu\/de\/\",\"name\":\"Chaityfontaine\",\"description\":\"H\u00f4tel ** - Banneux\",\"publisher\":{\"@id\":\"https:\/\/chaityfontaine.eu\/de\/#organization\"},\"potentialAction\":[{\"@type\":\"SearchAction\",\"target\":{\"@type\":\"EntryPoint\",\"urlTemplate\":\"https:\/\/chaityfontaine.eu\/de\/?s={search_term_string}\"},\"query-input\":{\"@type\":\"PropertyValueSpecification\",\"valueRequired\":true,\"valueName\":\"search_term_string\"}}],\"inLanguage\":\"de\"},{\"@type\":\"Organization\",\"@id\":\"https:\/\/chaityfontaine.eu\/de\/#organization\",\"name\":\"Chaityfontaine\",\"url\":\"https:\/\/chaityfontaine.eu\/de\/\",\"logo\":{\"@type\":\"ImageObject\",\"inLanguage\":\"de\",\"@id\":\"https:\/\/chaityfontaine.eu\/de\/#\/schema\/logo\/image\/\",\"url\":\"https:\/\/chaityfontaine.eu\/wp-content\/uploads\/2024\/01\/cropped-Logo-Chaityfontaine-sans-texte.png\",\"contentUrl\":\"https:\/\/chaityfontaine.eu\/wp-content\/uploads\/2024\/01\/cropped-Logo-Chaityfontaine-sans-texte.png\",\"width\":153,\"height\":74,\"caption\":\"Chaityfontaine\"},\"image\":{\"@id\":\"https:\/\/chaityfontaine.eu\/de\/#\/schema\/logo\/image\/\"}}]}<\/script>\n<!-- \/ Yoast SEO plugin. -->","yoast_head_json":{"title":"Tarife 2026 - Chaityfontaine","description":"\u00dcbernachtungen und Mahlzeiten im Chaityfontaine. Zweibittzimmer, Zimmer f\u00fcr Familie, Dreibettzimmer, Einzelzimmer.","robots":{"index":"index","follow":"follow","max-snippet":"max-snippet:-1","max-image-preview":"max-image-preview:large","max-video-preview":"max-video-preview:-1"},"canonical":"https:\/\/chaityfontaine.eu\/de\/tarife-2025\/","og_locale":"de_DE","og_type":"article","og_title":"Tarife 2026 - Chaityfontaine","og_description":"\u00dcbernachtungen und Mahlzeiten im Chaityfontaine. Zweibittzimmer, Zimmer f\u00fcr Familie, Dreibettzimmer, Einzelzimmer.","og_url":"https:\/\/chaityfontaine.eu\/de\/tarife-2025\/","og_site_name":"Chaityfontaine","article_modified_time":"2026-02-12T14:18:46+00:00","og_image":[{"width":1920,"height":1595,"url":"https:\/\/chaityfontaine.eu\/wp-content\/uploads\/2024\/01\/Terminal-de-paiement-6832851-CC0-Pixabay-e1704922651328.png","type":"image\/png"}],"twitter_card":"summary_large_image","twitter_misc":{"Gesch\u00e4tzte Lesezeit":"2\u00a0Minuten"},"schema":{"@context":"https:\/\/schema.org","@graph":[{"@type":"WebPage","@id":"https:\/\/chaityfontaine.eu\/de\/tarife-2025\/","url":"https:\/\/chaityfontaine.eu\/de\/tarife-2025\/","name":"Tarife 2026 - Chaityfontaine","isPartOf":{"@id":"https:\/\/chaityfontaine.eu\/de\/#website"},"primaryImageOfPage":{"@id":"https:\/\/chaityfontaine.eu\/de\/tarife-2025\/#primaryimage"},"image":{"@id":"https:\/\/chaityfontaine.eu\/de\/tarife-2025\/#primaryimage"},"thumbnailUrl":"https:\/\/chaityfontaine.eu\/wp-content\/uploads\/2024\/01\/Terminal-de-paiement-6832851-CC0-Pixabay-e1704922651328.png","datePublished":"2025-06-12T17:10:34+00:00","dateModified":"2026-02-12T14:18:46+00:00","description":"\u00dcbernachtungen und Mahlzeiten im Chaityfontaine. Zweibittzimmer, Zimmer f\u00fcr Familie, Dreibettzimmer, Einzelzimmer.","breadcrumb":{"@id":"https:\/\/chaityfontaine.eu\/de\/tarife-2025\/#breadcrumb"},"inLanguage":"de","potentialAction":[{"@type":"ReadAction","target":["https:\/\/chaityfontaine.eu\/de\/tarife-2025\/"]}]},{"@type":"ImageObject","inLanguage":"de","@id":"https:\/\/chaityfontaine.eu\/de\/tarife-2025\/#primaryimage","url":"https:\/\/chaityfontaine.eu\/wp-content\/uploads\/2024\/01\/Terminal-de-paiement-6832851-CC0-Pixabay-e1704922651328.png","contentUrl":"https:\/\/chaityfontaine.eu\/wp-content\/uploads\/2024\/01\/Terminal-de-paiement-6832851-CC0-Pixabay-e1704922651328.png","width":1920,"height":1595},{"@type":"BreadcrumbList","@id":"https:\/\/chaityfontaine.eu\/de\/tarife-2025\/#breadcrumb","itemListElement":[{"@type":"ListItem","position":1,"name":"Accueil","item":"https:\/\/chaityfontaine.eu\/de\/"},{"@type":"ListItem","position":2,"name":"Tarife 2026"}]},{"@type":"WebSite","@id":"https:\/\/chaityfontaine.eu\/de\/#website","url":"https:\/\/chaityfontaine.eu\/de\/","name":"Chaityfontaine","description":"H\u00f4tel ** - Banneux","publisher":{"@id":"https:\/\/chaityfontaine.eu\/de\/#organization"},"potentialAction":[{"@type":"SearchAction","target":{"@type":"EntryPoint","urlTemplate":"https:\/\/chaityfontaine.eu\/de\/?s={search_term_string}"},"query-input":{"@type":"PropertyValueSpecification","valueRequired":true,"valueName":"search_term_string"}}],"inLanguage":"de"},{"@type":"Organization","@id":"https:\/\/chaityfontaine.eu\/de\/#organization","name":"Chaityfontaine","url":"https:\/\/chaityfontaine.eu\/de\/","logo":{"@type":"ImageObject","inLanguage":"de","@id":"https:\/\/chaityfontaine.eu\/de\/#\/schema\/logo\/image\/","url":"https:\/\/chaityfontaine.eu\/wp-content\/uploads\/2024\/01\/cropped-Logo-Chaityfontaine-sans-texte.png","contentUrl":"https:\/\/chaityfontaine.eu\/wp-content\/uploads\/2024\/01\/cropped-Logo-Chaityfontaine-sans-texte.png","width":153,"height":74,"caption":"Chaityfontaine"},"image":{"@id":"https:\/\/chaityfontaine.eu\/de\/#\/schema\/logo\/image\/"}}]}},"jetpack_sharing_enabled":true,"_links":{"self":[{"href":"https:\/\/chaityfontaine.eu\/de\/wp-json\/wp\/v2\/pages\/30928","targetHints":{"allow":["GET"]}}],"collection":[{"href":"https:\/\/chaityfontaine.eu\/de\/wp-json\/wp\/v2\/pages"}],"about":[{"href":"https:\/\/chaityfontaine.eu\/de\/wp-json\/wp\/v2\/types\/page"}],"author":[{"embeddable":true,"href":"https:\/\/chaityfontaine.eu\/de\/wp-json\/wp\/v2\/users\/2"}],"replies":[{"embeddable":true,"href":"https:\/\/chaityfontaine.eu\/de\/wp-json\/wp\/v2\/comments?post=30928"}],"version-history":[{"count":4,"href":"https:\/\/chaityfontaine.eu\/de\/wp-json\/wp\/v2\/pages\/30928\/revisions"}],"predecessor-version":[{"id":30984,"href":"https:\/\/chaityfontaine.eu\/de\/wp-json\/wp\/v2\/pages\/30928\/revisions\/30984"}],"wp:featuredmedia":[{"embeddable":true,"href":"https:\/\/chaityfontaine.eu\/de\/wp-json\/wp\/v2\/media\/30519"}],"wp:attachment":[{"href":"https:\/\/chaityfontaine.eu\/de\/wp-json\/wp\/v2\/media?parent=30928"}],"curies":[{"name":"wp","href":"https:\/\/api.w.org\/{rel}","templated":true}]}}