{"id":30555,"date":"2017-02-16T09:17:12","date_gmt":"2017-02-16T08:17:12","guid":{"rendered":"https:\/\/new.chaityfontaine.eu\/contact\/"},"modified":"2024-02-18T19:31:52","modified_gmt":"2024-02-18T18:31:52","slug":"contact","status":"publish","type":"page","link":"https:\/\/chaityfontaine.eu\/en\/contact\/","title":{"rendered":"Access and contact"},"content":{"rendered":"<h3 style=\"text-align: center;\">Chaityfontaine is located near Banneux, 25 km from Li\u00e8ge<\/h3>\n<p><iframe loading=\"lazy\" style=\"border: 0;\" src=\"https:\/\/www.google.com\/maps\/embed?pb=!1m18!1m12!1m3!1d2535.6826436860315!2d5.752024676312523!3d50.54007397160945!2m3!1f0!2f0!3f0!3m2!1i1024!2i768!4f13.1!3m3!1m2!1s0x47c0f5537f452577%3A0x2d57fd849dd6d250!2sChaityfontaine!5e0!3m2!1sfr!2sbe!4v1704477425409!5m2!1sfr!2sbe\" width=\"600\" height=\"450\" allowfullscreen=\"allowfullscreen\"><\/iframe><\/p>\n<p style=\"text-align: justify;\">At the bottom of this screen you will find the practical information to arrive by car \/ train and bus.<\/p>\n<p><img loading=\"lazy\" decoding=\"async\" class=\"size-full wp-image-29926 aligncenter\" src=\"https:\/\/chaityfontaine.eu\/wp-content\/uploads\/2023\/06\/Logo-Chaityfontaine-sans-texte.png\" alt=\"\" width=\"153\" height=\"74\" srcset=\"https:\/\/chaityfontaine.eu\/wp-content\/uploads\/2023\/06\/Logo-Chaityfontaine-sans-texte.png 153w, https:\/\/chaityfontaine.eu\/wp-content\/uploads\/2023\/06\/Logo-Chaityfontaine-sans-texte-150x74.png 150w\" sizes=\"auto, (max-width: 153px) 100vw, 153px\" \/><\/p>\n<h3 class=\"sur-titre\" style=\"text-align: center;\">You need more information? You would like to visit us?<\/h3>\n<h4 class=\"titre-section\">We are available! Send us this form!<\/h4>\n<style id=\"wpforms-css-vars-30708\">\n\t\t\t\t#wpforms-30708 {\n\t\t\t\t\n\t\t\t}\n\t\t\t<\/style><div class=\"wpforms-container wpforms-container-full wpforms-render-modern\" id=\"wpforms-30708\"><form id=\"wpforms-form-30708\" class=\"wpforms-validate wpforms-form wpforms-ajax-form\" data-formid=\"30708\" method=\"post\" enctype=\"multipart\/form-data\" action=\"\/en\/wp-json\/wp\/v2\/pages\/30555\" data-token=\"a8400ae288ed19ea720ef7cb2b0b31e3\" data-token-time=\"1776311916\"><noscript class=\"wpforms-error-noscript\">Please enable JavaScript in your browser to complete this form.<\/noscript><div id=\"wpforms-error-noscript\" style=\"display: none;\">Please enable JavaScript in your browser to complete this form.<\/div><div class=\"wpforms-field-container\"><div id=\"wpforms-30708-field_0-container\" class=\"wpforms-field wpforms-field-name\" data-field-id=\"0\"><fieldset><legend class=\"wpforms-field-label\">First name and name <span class=\"wpforms-required-label\" aria-hidden=\"true\">*<\/span><\/legend><div class=\"wpforms-field-row wpforms-field-medium\"><div class=\"wpforms-field-row-block wpforms-first wpforms-one-half\"><input type=\"text\" id=\"wpforms-30708-field_0\" class=\"wpforms-field-name-first wpforms-field-required\" name=\"wpforms[fields][0][first]\" aria-errormessage=\"wpforms-30708-field_0-error\" required><label for=\"wpforms-30708-field_0\" class=\"wpforms-field-sublabel after\">First<\/label><\/div><div class=\"wpforms-field-row-block wpforms-one-half\"><input type=\"text\" id=\"wpforms-30708-field_0-last\" class=\"wpforms-field-name-last wpforms-field-required\" name=\"wpforms[fields][0][last]\" aria-errormessage=\"wpforms-30708-field_0-last-error\" required><label for=\"wpforms-30708-field_0-last\" class=\"wpforms-field-sublabel after\">Last<\/label><\/div><\/div><\/fieldset><\/div><div id=\"wpforms-30708-field_8-container\" class=\"wpforms-field wpforms-field-text\" data-field-id=\"8\"><label class=\"wpforms-field-label\" for=\"wpforms-30708-field_8\">My address (street, city, postal code, country) <span class=\"wpforms-required-label\" aria-hidden=\"true\">*<\/span><\/label><input type=\"text\" id=\"wpforms-30708-field_8\" class=\"wpforms-field-medium wpforms-field-required\" name=\"wpforms[fields][8]\" aria-errormessage=\"wpforms-30708-field_8-error\" required><\/div><div id=\"wpforms-30708-field_1-container\" class=\"wpforms-field wpforms-field-email\" data-field-id=\"1\"><label class=\"wpforms-field-label\" for=\"wpforms-30708-field_1\">E-mail <span class=\"wpforms-required-label\" aria-hidden=\"true\">*<\/span><\/label><input type=\"email\" id=\"wpforms-30708-field_1\" class=\"wpforms-field-medium wpforms-field-required\" name=\"wpforms[fields][1]\" spellcheck=\"false\" aria-errormessage=\"wpforms-30708-field_1-error\" required><\/div><div id=\"wpforms-30708-field_3-container\" class=\"wpforms-field wpforms-field-text\" data-field-id=\"3\"><label class=\"wpforms-field-label\" for=\"wpforms-30708-field_3\">Telephone <\/label><input type=\"text\" id=\"wpforms-30708-field_3\" class=\"wpforms-field-medium\" name=\"wpforms[fields][3]\" aria-errormessage=\"wpforms-30708-field_3-error\" ><\/div><div id=\"wpforms-30708-field_4-container\" class=\"wpforms-field wpforms-field-checkbox\" data-field-id=\"4\"><fieldset><legend class=\"wpforms-field-label\">I would like to receive information about... <span class=\"wpforms-required-label\" aria-hidden=\"true\">*<\/span><\/legend><ul id=\"wpforms-30708-field_4\" class=\"wpforms-field-required\"><li class=\"choice-1 depth-1\"><input type=\"checkbox\" id=\"wpforms-30708-field_4_1\" name=\"wpforms[fields][4][]\" value=\"accommodation\" aria-errormessage=\"wpforms-30708-field_4_1-error\" required ><label class=\"wpforms-field-label-inline\" for=\"wpforms-30708-field_4_1\">accommodation<\/label><\/li><li class=\"choice-2 depth-1\"><input type=\"checkbox\" id=\"wpforms-30708-field_4_2\" name=\"wpforms[fields][4][]\" value=\"meals\" aria-errormessage=\"wpforms-30708-field_4_2-error\" required ><label class=\"wpforms-field-label-inline\" for=\"wpforms-30708-field_4_2\">meals<\/label><\/li><li class=\"choice-3 depth-1\"><input type=\"checkbox\" id=\"wpforms-30708-field_4_3\" name=\"wpforms[fields][4][]\" value=\"meeting room\" aria-errormessage=\"wpforms-30708-field_4_3-error\" required ><label class=\"wpforms-field-label-inline\" for=\"wpforms-30708-field_4_3\">meeting room<\/label><\/li><\/ul><\/fieldset><\/div><div id=\"wpforms-30708-field_5-container\" class=\"wpforms-field wpforms-field-checkbox\" data-field-id=\"5\"><fieldset><legend class=\"wpforms-field-label\">My question concerns... <span class=\"wpforms-required-label\" aria-hidden=\"true\">*<\/span><\/legend><ul id=\"wpforms-30708-field_5\" class=\"wpforms-field-required\"><li class=\"choice-1 depth-1\"><input type=\"checkbox\" id=\"wpforms-30708-field_5_1\" name=\"wpforms[fields][5][]\" value=\"an individual\" aria-errormessage=\"wpforms-30708-field_5_1-error\" required ><label class=\"wpforms-field-label-inline\" for=\"wpforms-30708-field_5_1\">an individual<\/label><\/li><li class=\"choice-2 depth-1\"><input type=\"checkbox\" id=\"wpforms-30708-field_5_2\" name=\"wpforms[fields][5][]\" value=\"a couple or a family\" aria-errormessage=\"wpforms-30708-field_5_2-error\" required ><label class=\"wpforms-field-label-inline\" for=\"wpforms-30708-field_5_2\">a couple or a family<\/label><\/li><li class=\"choice-3 depth-1\"><input type=\"checkbox\" id=\"wpforms-30708-field_5_3\" name=\"wpforms[fields][5][]\" value=\"a group\" aria-errormessage=\"wpforms-30708-field_5_3-error\" required ><label class=\"wpforms-field-label-inline\" for=\"wpforms-30708-field_5_3\">a group<\/label><\/li><\/ul><\/fieldset><\/div><div id=\"wpforms-30708-field_6-container\" class=\"wpforms-field wpforms-field-text\" data-field-id=\"6\"><label class=\"wpforms-field-label\" for=\"wpforms-30708-field_6\">The period(s) of the year I&#039;m interested in<\/label><input type=\"text\" id=\"wpforms-30708-field_6\" class=\"wpforms-field-medium\" name=\"wpforms[fields][6]\" aria-errormessage=\"wpforms-30708-field_6-error\" ><\/div><div id=\"wpforms-30708-field_2-container\" class=\"wpforms-field wpforms-field-textarea\" data-field-id=\"2\"><label class=\"wpforms-field-label\" for=\"wpforms-30708-field_2\">My question to Chaityfontaine <span class=\"wpforms-required-label\" aria-hidden=\"true\">*<\/span><\/label><textarea id=\"wpforms-30708-field_2\" class=\"wpforms-field-medium wpforms-field-required\" name=\"wpforms[fields][2]\" aria-errormessage=\"wpforms-30708-field_2-error\" required><\/textarea><\/div><\/div><!-- .wpforms-field-container --><div class=\"wpforms-recaptcha-container wpforms-is-hcaptcha\" ><div class=\"h-captcha\" data-sitekey=\"b6f0a1f3-6e20-4465-8790-f1c217d7c1de\"><\/div><input type=\"text\" name=\"g-recaptcha-hidden\" class=\"wpforms-recaptcha-hidden\" style=\"position:absolute!important;clip:rect(0,0,0,0)!important;height:1px!important;width:1px!important;border:0!important;overflow:hidden!important;padding:0!important;margin:0!important;\" data-rule-hcaptcha=\"1\"><\/div><div class=\"wpforms-submit-container\" ><input type=\"hidden\" name=\"wpforms[id]\" value=\"30708\"><input type=\"hidden\" name=\"page_title\" value=\"\"><input type=\"hidden\" name=\"page_url\" value=\"https:\/\/chaityfontaine.eu\/en\/wp-json\/wp\/v2\/pages\/30555\"><input type=\"hidden\" name=\"url_referer\" value=\"\"><button type=\"submit\" name=\"wpforms[submit]\" id=\"wpforms-submit-30708\" class=\"wpforms-submit\" data-alt-text=\"Being sent...\" data-submit-text=\"Send\" aria-live=\"assertive\" value=\"wpforms-submit\">Send<\/button><img loading=\"lazy\" decoding=\"async\" src=\"https:\/\/chaityfontaine.eu\/wp-content\/plugins\/wpforms-lite\/assets\/images\/submit-spin.svg\" class=\"wpforms-submit-spinner\" style=\"display: none;\" width=\"26\" height=\"26\" alt=\"Loading\"><\/div><\/form><\/div>  <!-- .wpforms-container -->\n","protected":false},"excerpt":{"rendered":"<p>Chaityfontaine is located near Banneux, 25 km from Li\u00e8ge At the bottom of this screen you will find the practical information to arrive by car&hellip;<\/p>\n","protected":false},"author":1,"featured_media":30526,"parent":0,"menu_order":0,"comment_status":"closed","ping_status":"closed","template":"","meta":{"footnotes":""},"class_list":["post-30555","page","type-page","status-publish","has-post-thumbnail","hentry"],"yoast_head":"<!-- This site is optimized with the Yoast SEO plugin v27.0 - https:\/\/yoast.com\/product\/yoast-seo-wordpress\/ -->\n<title>Access and contact - Chaityfontaine<\/title>\n<meta name=\"description\" content=\"Chaityfontaine est situ\u00e9 \u00e0 c\u00f4t\u00e9 de Banneux, \u00e0 25 km de Li\u00e8ge (Belgique). Informations pratiques, formulaire de contact pour nous joindre.\" \/>\n<meta name=\"robots\" content=\"index, follow, max-snippet:-1, max-image-preview:large, max-video-preview:-1\" \/>\n<link rel=\"canonical\" href=\"https:\/\/chaityfontaine.eu\/en\/contact\/\" \/>\n<meta property=\"og:locale\" content=\"en_US\" \/>\n<meta property=\"og:type\" content=\"article\" \/>\n<meta property=\"og:title\" content=\"Access and contact - Chaityfontaine\" \/>\n<meta property=\"og:description\" content=\"Chaityfontaine est situ\u00e9 \u00e0 c\u00f4t\u00e9 de Banneux, \u00e0 25 km de Li\u00e8ge (Belgique). Informations pratiques, formulaire de contact pour nous joindre.\" \/>\n<meta property=\"og:url\" content=\"https:\/\/chaityfontaine.eu\/en\/contact\/\" \/>\n<meta property=\"og:site_name\" content=\"Chaityfontaine\" \/>\n<meta property=\"article:modified_time\" content=\"2024-02-18T18:31:52+00:00\" \/>\n<meta property=\"og:image\" content=\"https:\/\/chaityfontaine.eu\/wp-content\/uploads\/2024\/01\/Rencontre-7453957-CC0-Pixabay-e1704923122689.png\" \/>\n\t<meta property=\"og:image:width\" content=\"1920\" \/>\n\t<meta property=\"og:image:height\" content=\"1252\" \/>\n\t<meta property=\"og:image:type\" content=\"image\/png\" \/>\n<meta name=\"twitter:card\" content=\"summary_large_image\" \/>\n<meta name=\"twitter:label1\" content=\"Est. reading time\" \/>\n\t<meta name=\"twitter:data1\" content=\"1 minute\" \/>\n<script type=\"application\/ld+json\" class=\"yoast-schema-graph\">{\"@context\":\"https:\/\/schema.org\",\"@graph\":[{\"@type\":\"WebPage\",\"@id\":\"https:\/\/chaityfontaine.eu\/en\/contact\/\",\"url\":\"https:\/\/chaityfontaine.eu\/en\/contact\/\",\"name\":\"Access and contact - Chaityfontaine\",\"isPartOf\":{\"@id\":\"https:\/\/chaityfontaine.eu\/en\/#website\"},\"primaryImageOfPage\":{\"@id\":\"https:\/\/chaityfontaine.eu\/en\/contact\/#primaryimage\"},\"image\":{\"@id\":\"https:\/\/chaityfontaine.eu\/en\/contact\/#primaryimage\"},\"thumbnailUrl\":\"https:\/\/chaityfontaine.eu\/wp-content\/uploads\/2024\/01\/Rencontre-7453957-CC0-Pixabay-e1704923122689.png\",\"datePublished\":\"2017-02-16T08:17:12+00:00\",\"dateModified\":\"2024-02-18T18:31:52+00:00\",\"description\":\"Chaityfontaine est situ\u00e9 \u00e0 c\u00f4t\u00e9 de Banneux, \u00e0 25 km de Li\u00e8ge (Belgique). Informations pratiques, formulaire de contact pour nous joindre.\",\"breadcrumb\":{\"@id\":\"https:\/\/chaityfontaine.eu\/en\/contact\/#breadcrumb\"},\"inLanguage\":\"en-US\",\"potentialAction\":[{\"@type\":\"ReadAction\",\"target\":[\"https:\/\/chaityfontaine.eu\/en\/contact\/\"]}]},{\"@type\":\"ImageObject\",\"inLanguage\":\"en-US\",\"@id\":\"https:\/\/chaityfontaine.eu\/en\/contact\/#primaryimage\",\"url\":\"https:\/\/chaityfontaine.eu\/wp-content\/uploads\/2024\/01\/Rencontre-7453957-CC0-Pixabay-e1704923122689.png\",\"contentUrl\":\"https:\/\/chaityfontaine.eu\/wp-content\/uploads\/2024\/01\/Rencontre-7453957-CC0-Pixabay-e1704923122689.png\",\"width\":1920,\"height\":1252},{\"@type\":\"BreadcrumbList\",\"@id\":\"https:\/\/chaityfontaine.eu\/en\/contact\/#breadcrumb\",\"itemListElement\":[{\"@type\":\"ListItem\",\"position\":1,\"name\":\"Accueil\",\"item\":\"https:\/\/chaityfontaine.eu\/en\/\"},{\"@type\":\"ListItem\",\"position\":2,\"name\":\"Access and contact\"}]},{\"@type\":\"WebSite\",\"@id\":\"https:\/\/chaityfontaine.eu\/en\/#website\",\"url\":\"https:\/\/chaityfontaine.eu\/en\/\",\"name\":\"Chaityfontaine\",\"description\":\"H\u00f4tel ** - Banneux\",\"publisher\":{\"@id\":\"https:\/\/chaityfontaine.eu\/en\/#organization\"},\"potentialAction\":[{\"@type\":\"SearchAction\",\"target\":{\"@type\":\"EntryPoint\",\"urlTemplate\":\"https:\/\/chaityfontaine.eu\/en\/?s={search_term_string}\"},\"query-input\":{\"@type\":\"PropertyValueSpecification\",\"valueRequired\":true,\"valueName\":\"search_term_string\"}}],\"inLanguage\":\"en-US\"},{\"@type\":\"Organization\",\"@id\":\"https:\/\/chaityfontaine.eu\/en\/#organization\",\"name\":\"Chaityfontaine\",\"url\":\"https:\/\/chaityfontaine.eu\/en\/\",\"logo\":{\"@type\":\"ImageObject\",\"inLanguage\":\"en-US\",\"@id\":\"https:\/\/chaityfontaine.eu\/en\/#\/schema\/logo\/image\/\",\"url\":\"https:\/\/chaityfontaine.eu\/wp-content\/uploads\/2024\/01\/cropped-Logo-Chaityfontaine-sans-texte.png\",\"contentUrl\":\"https:\/\/chaityfontaine.eu\/wp-content\/uploads\/2024\/01\/cropped-Logo-Chaityfontaine-sans-texte.png\",\"width\":153,\"height\":74,\"caption\":\"Chaityfontaine\"},\"image\":{\"@id\":\"https:\/\/chaityfontaine.eu\/en\/#\/schema\/logo\/image\/\"}}]}<\/script>\n<!-- \/ Yoast SEO plugin. -->","yoast_head_json":{"title":"Access and contact - Chaityfontaine","description":"Chaityfontaine est situ\u00e9 \u00e0 c\u00f4t\u00e9 de Banneux, \u00e0 25 km de Li\u00e8ge (Belgique). Informations pratiques, formulaire de contact pour nous joindre.","robots":{"index":"index","follow":"follow","max-snippet":"max-snippet:-1","max-image-preview":"max-image-preview:large","max-video-preview":"max-video-preview:-1"},"canonical":"https:\/\/chaityfontaine.eu\/en\/contact\/","og_locale":"en_US","og_type":"article","og_title":"Access and contact - Chaityfontaine","og_description":"Chaityfontaine est situ\u00e9 \u00e0 c\u00f4t\u00e9 de Banneux, \u00e0 25 km de Li\u00e8ge (Belgique). Informations pratiques, formulaire de contact pour nous joindre.","og_url":"https:\/\/chaityfontaine.eu\/en\/contact\/","og_site_name":"Chaityfontaine","article_modified_time":"2024-02-18T18:31:52+00:00","og_image":[{"width":1920,"height":1252,"url":"https:\/\/chaityfontaine.eu\/wp-content\/uploads\/2024\/01\/Rencontre-7453957-CC0-Pixabay-e1704923122689.png","type":"image\/png"}],"twitter_card":"summary_large_image","twitter_misc":{"Est. reading time":"1 minute"},"schema":{"@context":"https:\/\/schema.org","@graph":[{"@type":"WebPage","@id":"https:\/\/chaityfontaine.eu\/en\/contact\/","url":"https:\/\/chaityfontaine.eu\/en\/contact\/","name":"Access and contact - Chaityfontaine","isPartOf":{"@id":"https:\/\/chaityfontaine.eu\/en\/#website"},"primaryImageOfPage":{"@id":"https:\/\/chaityfontaine.eu\/en\/contact\/#primaryimage"},"image":{"@id":"https:\/\/chaityfontaine.eu\/en\/contact\/#primaryimage"},"thumbnailUrl":"https:\/\/chaityfontaine.eu\/wp-content\/uploads\/2024\/01\/Rencontre-7453957-CC0-Pixabay-e1704923122689.png","datePublished":"2017-02-16T08:17:12+00:00","dateModified":"2024-02-18T18:31:52+00:00","description":"Chaityfontaine est situ\u00e9 \u00e0 c\u00f4t\u00e9 de Banneux, \u00e0 25 km de Li\u00e8ge (Belgique). Informations pratiques, formulaire de contact pour nous joindre.","breadcrumb":{"@id":"https:\/\/chaityfontaine.eu\/en\/contact\/#breadcrumb"},"inLanguage":"en-US","potentialAction":[{"@type":"ReadAction","target":["https:\/\/chaityfontaine.eu\/en\/contact\/"]}]},{"@type":"ImageObject","inLanguage":"en-US","@id":"https:\/\/chaityfontaine.eu\/en\/contact\/#primaryimage","url":"https:\/\/chaityfontaine.eu\/wp-content\/uploads\/2024\/01\/Rencontre-7453957-CC0-Pixabay-e1704923122689.png","contentUrl":"https:\/\/chaityfontaine.eu\/wp-content\/uploads\/2024\/01\/Rencontre-7453957-CC0-Pixabay-e1704923122689.png","width":1920,"height":1252},{"@type":"BreadcrumbList","@id":"https:\/\/chaityfontaine.eu\/en\/contact\/#breadcrumb","itemListElement":[{"@type":"ListItem","position":1,"name":"Accueil","item":"https:\/\/chaityfontaine.eu\/en\/"},{"@type":"ListItem","position":2,"name":"Access and contact"}]},{"@type":"WebSite","@id":"https:\/\/chaityfontaine.eu\/en\/#website","url":"https:\/\/chaityfontaine.eu\/en\/","name":"Chaityfontaine","description":"H\u00f4tel ** - Banneux","publisher":{"@id":"https:\/\/chaityfontaine.eu\/en\/#organization"},"potentialAction":[{"@type":"SearchAction","target":{"@type":"EntryPoint","urlTemplate":"https:\/\/chaityfontaine.eu\/en\/?s={search_term_string}"},"query-input":{"@type":"PropertyValueSpecification","valueRequired":true,"valueName":"search_term_string"}}],"inLanguage":"en-US"},{"@type":"Organization","@id":"https:\/\/chaityfontaine.eu\/en\/#organization","name":"Chaityfontaine","url":"https:\/\/chaityfontaine.eu\/en\/","logo":{"@type":"ImageObject","inLanguage":"en-US","@id":"https:\/\/chaityfontaine.eu\/en\/#\/schema\/logo\/image\/","url":"https:\/\/chaityfontaine.eu\/wp-content\/uploads\/2024\/01\/cropped-Logo-Chaityfontaine-sans-texte.png","contentUrl":"https:\/\/chaityfontaine.eu\/wp-content\/uploads\/2024\/01\/cropped-Logo-Chaityfontaine-sans-texte.png","width":153,"height":74,"caption":"Chaityfontaine"},"image":{"@id":"https:\/\/chaityfontaine.eu\/en\/#\/schema\/logo\/image\/"}}]}},"jetpack_sharing_enabled":true,"_links":{"self":[{"href":"https:\/\/chaityfontaine.eu\/en\/wp-json\/wp\/v2\/pages\/30555","targetHints":{"allow":["GET"]}}],"collection":[{"href":"https:\/\/chaityfontaine.eu\/en\/wp-json\/wp\/v2\/pages"}],"about":[{"href":"https:\/\/chaityfontaine.eu\/en\/wp-json\/wp\/v2\/types\/page"}],"author":[{"embeddable":true,"href":"https:\/\/chaityfontaine.eu\/en\/wp-json\/wp\/v2\/users\/1"}],"replies":[{"embeddable":true,"href":"https:\/\/chaityfontaine.eu\/en\/wp-json\/wp\/v2\/comments?post=30555"}],"version-history":[{"count":6,"href":"https:\/\/chaityfontaine.eu\/en\/wp-json\/wp\/v2\/pages\/30555\/revisions"}],"predecessor-version":[{"id":30718,"href":"https:\/\/chaityfontaine.eu\/en\/wp-json\/wp\/v2\/pages\/30555\/revisions\/30718"}],"wp:featuredmedia":[{"embeddable":true,"href":"https:\/\/chaityfontaine.eu\/en\/wp-json\/wp\/v2\/media\/30526"}],"wp:attachment":[{"href":"https:\/\/chaityfontaine.eu\/en\/wp-json\/wp\/v2\/media?parent=30555"}],"curies":[{"name":"wp","href":"https:\/\/api.w.org\/{rel}","templated":true}]}}