{"id":30585,"date":"2024-01-09T11:52:04","date_gmt":"2024-01-09T10:52:04","guid":{"rendered":"https:\/\/new.chaityfontaine.eu\/vie-privee-rgpd\/"},"modified":"2024-02-18T17:19:38","modified_gmt":"2024-02-18T16:19:38","slug":"privacy","status":"publish","type":"page","link":"https:\/\/chaityfontaine.eu\/nl\/privacy\/","title":{"rendered":"Privacy (in het Frans)"},"content":{"rendered":"<h3 style=\"text-align: center;\"><strong>Politique de traitement des donn\u00e9es <\/strong><strong>\u00e0 caract\u00e8re personnel<\/strong><\/h3>\n<p style=\"text-align: justify;\"><strong>1. Le consentement des utilisateurs<\/strong><br \/>\nEn utilisant le site http:\/\/Chaityfontaine.eu, ou en utilisant les services de l\u2019h\u00f4telier, le contractant\/client donne son consentement global \u00e0 l\u2019ASBL Chaityfontaine (ci-apr\u00e8s aussi d\u00e9sign\u00e9e l\u2019h\u00f4telier) pour tous les traitements de donn\u00e9es renseign\u00e9s dans ce document.<br \/>\nCette politique de traitement des donn\u00e9es \u00e0 caract\u00e8re personnel est susceptible d\u2019\u00eatre mise \u00e0 jour pour refl\u00e9ter l\u2019\u00e9volution du site. La politique de traitement des donn\u00e9es \u00e0 caract\u00e8re personnel applicable \u00e0 l\u2019utilisateur est celle publi\u00e9e au moment de sa connexion au site.<\/p>\n<p>Derni\u00e8re mise \u00e0 jour : 7 janvier 2024<\/p>\n<p style=\"text-align: justify;\"><strong>2. Quelques d\u00e9finitions<\/strong><\/p>\n<ul style=\"text-align: justify;\">\n<li><strong>\u00abDonn\u00e9es \u00e0 caract\u00e8re personnel\u00bb<\/strong>\u00a0= toute information se rapportant \u00e0 une personne physique identifi\u00e9e ou identifiable (ci-apr\u00e8s d\u00e9nomm\u00e9e \u00abpersonne concern\u00e9e\u00bb); est r\u00e9put\u00e9e \u00eatre une \u00abpersonne physique identifiable\u00bb une personne physique qui peut \u00eatre identifi\u00e9e, directement ou indirectement, notamment par r\u00e9f\u00e9rence \u00e0 un identifiant, tel qu\u2019un nom, un num\u00e9ro d\u2019identification, des donn\u00e9es de localisation, un identifiant en ligne, ou \u00e0 un ou plusieurs \u00e9l\u00e9ments sp\u00e9cifiques propres \u00e0 son identit\u00e9 physique,\u00a0 physiologique, g\u00e9n\u00e9tique, psychique, \u00e9conomique, culturelle ou sociale.<\/li>\n<li><strong>\u00abTraitement\u00bb\u00a0<\/strong>= toute op\u00e9ration ou tout ensemble d\u2019op\u00e9rations effectu\u00e9es ou non \u00e0 l\u2019aide de proc\u00e9d\u00e9s automatis\u00e9s et appliqu\u00e9es \u00e0 des donn\u00e9es ou des ensembles de donn\u00e9es \u00e0 caract\u00e8re personnel, telles que la collecte, l\u2019enregistrement, l\u2019organisation, la structuration, la conservation, l\u2019adaptation ou la modification, l\u2019extraction, la consultation, l\u2019utilisation, la<br \/>\ncommunication par transmission, la diffusion ou toute autre forme de mise \u00e0 disposition, le rapprochement ou l\u2019interconnexion, la limitation, l\u2019effacement ou la destruction.<\/li>\n<li><strong>\u201cAdresse IP\u201d\u00a0<\/strong>= L\u2019adresse IP est un num\u00e9ro assign\u00e9 par votre fournisseur d\u2019acc\u00e8s \u00e0 internet. Cette adresse IP permet aux ordinateurs et aux serveurs web de communiquer entre eux pour vous donner acc\u00e8s \u00e0 un site internet. Les adresses IP servent, par exemple, \u00e0 des fins de s\u00e9curit\u00e9 informatique et de diagnostic du syst\u00e8me. Ces informations peuvent \u00e9galement \u00eatre agr\u00e9g\u00e9es \u00e0 des fins d\u2019analyse des performances et des visites d\u2019un site.<\/li>\n<li><strong>\u201cCookies\u201d\u00a0<\/strong>= Un cookie est un petit fichier texte qui peut \u00eatre conserv\u00e9 sur votre ordinateur lorsque vous visitez des sites Internet. Des informations sont enregistr\u00e9es dans ce fichier texte, comme par exemple votre choix de langue pour un site Internet X. Lorsque vous visitez \u00e0 nouveau le site X, il reconnai\u0302t votre navigateur et sait quelle langue vous avez choisi la<br \/>\nderni\u00e8re fois.<\/li>\n<\/ul>\n<p style=\"text-align: justify;\"><strong>3. Coordonn\u00e9es du responsable du traitement des donn\u00e9es<\/strong><br \/>\nAbb\u00e9 Leo Palm<br \/>\nrectorat@banneux-nd.be<br \/>\nAgissant pour l\u2019ASBL Chaityfontaine<br \/>\nN\u00b0 d\u2019entreprise &amp; TVA : BE0811960868<br \/>\nSi\u00e8ge social : Rue de l\u2019Esplanade (LVG) 57 \u00e0 4141 Sprimont<\/p>\n<p style=\"text-align: justify;\"><strong>4. Donn\u00e9es \u00e0 caract\u00e8re personnel trait\u00e9es par l\u2019ASBL Chaityfontaine<\/strong><\/p>\n<p style=\"text-align: justify;\"><strong>a) Lorsqu\u2019un contractant\/client r\u00e9serve une chambre<\/strong><\/p>\n<ul style=\"text-align: justify;\">\n<li>Les informations recueillies incluent votre nom, votre adresse, votre adresse e-mail, votre num\u00e9ro de t\u00e9l\u00e9phone.<\/li>\n<li>Les donn\u00e9es collect\u00e9es depuis les champs des formulaires de contact sont utilis\u00e9es pour r\u00e9pondre aux questions pos\u00e9es, g\u00e9rer<br \/>\nles commandes, am\u00e9liorer le service client, compl\u00e9ter les factures ou toute autre obligation l\u00e9gale.<\/li>\n<li>Les donn\u00e9es sont utilis\u00e9es pour produire les factures.<\/li>\n<li>Les adresses email (courriel), en ce compris les messages provenant des formulaires de contact du site, sont<br \/>\nconserv\u00e9es pendant cinq ans au maximum.<\/li>\n<\/ul>\n<p style=\"text-align: justify;\"><strong>b) Les collaborateurs et relations d\u2019affaires de l\u2019ASBL Chaityfontaine<\/strong><\/p>\n<ul style=\"text-align: justify;\">\n<li>Sur base de l\u2019int\u00e9r\u00eat l\u00e9gitime, l\u2019ASBL Chaityfontaine conserve les donn\u00e9es suivantes des collaborateurs et relations : nom, pr\u00e9nom, langue, donn\u00e9es de contact priv\u00e9es et professionnelles, d\u2019\u00e9ventuelles notes sur l\u2019histoire des contacts, indication de la nature du contact (employ\u00e9s, fournisseurs, clients, administrateurs, membres, b\u00e9n\u00e9voles, stagiaires, partenaires, prospects, etc;), CV (si l\u2019int\u00e9ress\u00e9 l\u2019a communiqu\u00e9), donn\u00e9es comptables.<\/li>\n<li>D\u2019autres donn\u00e9es sont conserv\u00e9es, si requises par la r\u00e8glementation : n\u00b0 de registre national pour les membres du CA, dossier acad\u00e9mique pour les stagiaires.<\/li>\n<li>Ces donn\u00e9es sont \u00e9limin\u00e9es dix ans apr\u00e8s la cl\u00f4ture des contacts.<\/li>\n<\/ul>\n<p style=\"text-align: justify;\"><strong>5. Qui a acc\u00e8s aux donn\u00e9es \u00e0 caract\u00e8re personnel collect\u00e9es par l\u2019ASBL Chaityfontaine ?<\/strong><\/p>\n<ul style=\"text-align: justify;\">\n<li>Les donn\u00e9es personnelles ne sont pas vendues, \u00e9chang\u00e9es, transf\u00e9r\u00e9es, ou donn\u00e9es \u00e0 une autre soci\u00e9t\u00e9 pour n\u2019importe quelle raison, sans votre consentement, en dehors de ce qui est n\u00e9cessaire pour r\u00e9pondre \u00e0 une demande et\/ou une transaction, comme par exemple pour r\u00e9cup\u00e9rer une cr\u00e9ance.<\/li>\n<li>Les collaborateurs de l\u2019ASBL Chaityfontaine qui ont besoin d\u2019acc\u00e9der aux donn\u00e9es signent une d\u00e9claration de respect des r\u00e8gles consign\u00e9es dans le registre des activit\u00e9s de traitement.<\/li>\n<li>Pour des raisons techniques, ces donn\u00e9es sont \u00e9galement accessibles \u00e0 des sous-traitants informatiques. Ces derniers signent une d\u00e9claration de confidentialit\u00e9.<\/li>\n<li>Les ordinateurs et serveurs utilis\u00e9s pour stocker des informations personnelles identifiables sont conserv\u00e9s dans un environnement s\u00e9curis\u00e9.<\/li>\n<li>L\u2019ASBL Chaityfontaine n\u2019a pas de partenariat ou de relations particuli\u00e8res avec des agences de publicit\u00e9 sur internet.<\/li>\n<li>L\u2019ASBL Chaityfontaine ne transf\u00e8re aucune information en dehors de l\u2019Union europ\u00e9enne.<\/li>\n<\/ul>\n<p style=\"text-align: justify;\"><strong>6. Utilisation de donn\u00e9es anonymis\u00e9es<\/strong><\/p>\n<p style=\"text-align: justify;\">L\u2019ASBL Chaityfontaine peut utiliser des donn\u00e9es anonymes \u00e0 des fins de\u00a0<em>reporting<\/em>\u00a0ou pour l\u2019\u00e9tablissement des rapports externes. Les donn\u00e9es anonymises sont des donn\u00e9es extraites de la banque de donn\u00e9es, qui n\u2019ont plus de rapport avec une personne identifi\u00e9e ou identifiable.<\/p>\n<p style=\"text-align: justify;\"><strong>7. Quels sont vos droits ?<\/strong><\/p>\n<p style=\"text-align: justify;\"><strong>a) Droit de consultation<\/strong><br \/>\nVous pouvez recevoir des informations sur le traitement des donn\u00e9es \u00e0 caract\u00e8re personnel.<\/p>\n<p style=\"text-align: justify;\"><strong>b) Droit de rectification<\/strong><br \/>\nVous pouvez nous demander d\u2019actualiser ou de rectifier les donn\u00e9es incorrectes, inexactes ou incompl\u00e8tes.<\/p>\n<p style=\"text-align: justify;\"><strong>c) Droit \u00e0 l\u2019effacement et droit de retirer le consentement<\/strong><br \/>\nDans le cas ou\u0300 le traitement des donn\u00e9es \u00e0 caract\u00e8re personnel est fond\u00e9 sur le consentement, vous pouvez, \u00e0 tout moment, retirer ce consentement. Vous pouvez \u00e9galement demander l\u2019effacement de vos donn\u00e9es. Le cas \u00e9ch\u00e9ant, cela peut impliquer la fermeture de votre compte Banneux \u2013 la Vierge des Pauvres si les donn\u00e9es que vous souhaitez supprimer sont li\u00e9es \u00e0 ce compte ou si elles sont n\u00e9cessaires \u00e0 son administration par l\u2019ASBL Chaityfontaine.<\/p>\n<p style=\"text-align: justify;\"><strong>d) Droit d\u2019acc\u00e8s et de portabilit\u00e9 des donn\u00e9es<\/strong><br \/>\nVous avez le droit d\u2019obtenir l\u2019acc\u00e8s \u00e0 vos donn\u00e9es \u00e0 caract\u00e8re personnel et de les recevoir dans un format lisible par une machine.<\/p>\n<p style=\"text-align: justify;\"><strong>e) Droit d\u2019opposition<br \/>\n<\/strong>Vous avez \u00e9galement le droit de vous opposer au traitement de vos donn\u00e9es \u00e0 caract\u00e8re personnel \u00e0 des fins de prospections. Toutefois, l\u2019ASBL Chaityfontaine ne communique jamais \u00e0 des tiers les donn\u00e9es des utilisateurs de son site.<\/p>\n<p style=\"text-align: justify;\"><strong>f) Droit \u00e0 la limitation du traitement<\/strong><br \/>\nDans le cadre d\u00e9fini par la r\u00e9glementation, vous pouvez demander la limitation du traitement de vos donn\u00e9es \u00e0 caract\u00e8re personnel.<\/p>\n<p style=\"text-align: justify;\"><strong>8. Comment exercer vos droits<\/strong><br \/>\nVous pouvez exercer vos droits concernant vos donn\u00e9es \u00e0 caract\u00e8re personnel en contactant le responsable du traitement des donn\u00e9es \u00e0 caract\u00e8re personnel renseign\u00e9 au d\u00e9but de ce document.<br \/>\nL\u2019ASBL Chaityfontaine dispose d\u2019un d\u00e9lai d\u2019un mois pour statuer et r\u00e9pondre \u00e0 votre demande. Ce d\u00e9lai d\u00e9bute au moment ou\u0300 l\u2019ASBL Chaityfontaine a rec\u0327u votre demande et est en possession de toutes les informations n\u00e9cessaires pour statuer sur votre demande.<br \/>\nL\u2019ASBL Chaityfontaine vous fournira gratuitement les informations demand\u00e9es. En cas de demandes r\u00e9p\u00e9titives, infond\u00e9es ou disproportionn\u00e9es, l\u2019ASBL Chaityfontaine est susceptible de facturer une indemnit\u00e9 raisonnable ou de refuser la demande de transmission. Le cas \u00e9ch\u00e9ant, un devis sera transmis pour accord.<\/p>\n<p style=\"text-align: justify;\">Vous avez le droit de contester les d\u00e9cisions de l\u2019ASBL Chaityfontaine en vous adressant \u00e0 l\u2019Autorit\u00e9 de Protection des Donn\u00e9es (APD), rue de la Presse, 35 \u00e0 1000 Bruxelles.<\/p>\n<p style=\"text-align: justify;\"><strong>9. Divers<\/strong><br \/>\nL\u2019ASBL Chaityfontaine n\u2019a pas connaissance que son site internet utilise d\u2019autres cookies que ceux utilis\u00e9s par Google Analytics.<br \/>\nL\u2019ASBL Chaityfontaine est attentive \u00e0 la s\u00e9curisation des donn\u00e9es \u00e0 caract\u00e8re personnel et prend des mesures techniques appropri\u00e9es pour prot\u00e9ger ces donn\u00e9es (https, cryptage,\u2026).<br \/>\nAucune prise de d\u00e9cision automatis\u00e9e r\u00e9alis\u00e9e par des ordinateurs n\u2019est effectu\u00e9e par l\u2019ASBL Chaityfontaine.<\/p>\n<p style=\"text-align: justify;\"><img loading=\"lazy\" decoding=\"async\" class=\"size-full wp-image-29647 aligncenter\" src=\"https:\/\/chaityfontaine.eu\/wp-content\/uploads\/2024\/01\/cropped-Logo-Chaityfontaine-sans-texte.png\" sizes=\"auto, (max-width: 153px) 100vw, 153px\" srcset=\"https:\/\/chaityfontaine.eu\/wp-content\/uploads\/2024\/01\/cropped-Logo-Chaityfontaine-sans-texte.png 153w, https:\/\/chaityfontaine.eu\/wp-content\/uploads\/2024\/01\/cropped-Logo-Chaityfontaine-sans-texte-150x74.png 150w\" alt=\"\" width=\"153\" height=\"74\" \/><\/p>\n","protected":false},"excerpt":{"rendered":"<p>Politique de traitement des donn\u00e9es \u00e0 caract\u00e8re personnel 1. Le consentement des utilisateurs En utilisant le site http:\/\/Chaityfontaine.eu, ou en utilisant les services de l\u2019h\u00f4telier,&hellip;<\/p>\n","protected":false},"author":2,"featured_media":0,"parent":0,"menu_order":0,"comment_status":"closed","ping_status":"closed","template":"","meta":{"footnotes":""},"class_list":["post-30585","page","type-page","status-publish","hentry"],"yoast_head":"<!-- This site is optimized with the Yoast SEO plugin v27.0 - https:\/\/yoast.com\/product\/yoast-seo-wordpress\/ -->\n<title>Privacy (in het Frans) - Chaityfontaine<\/title>\n<meta name=\"description\" content=\"Politique de traitement des donn\u00e9es \u00e0 caract\u00e8re personnel de l&#039;asbl Chaityfontaine - H\u00e9bergement, restauration, location de salle.\" \/>\n<meta name=\"robots\" content=\"index, follow, max-snippet:-1, max-image-preview:large, max-video-preview:-1\" \/>\n<link rel=\"canonical\" href=\"https:\/\/chaityfontaine.eu\/nl\/privacy\/\" \/>\n<meta property=\"og:locale\" content=\"nl_NL\" \/>\n<meta property=\"og:type\" content=\"article\" \/>\n<meta property=\"og:title\" content=\"Privacy (in het Frans) - Chaityfontaine\" \/>\n<meta property=\"og:description\" content=\"Politique de traitement des donn\u00e9es \u00e0 caract\u00e8re personnel de l&#039;asbl Chaityfontaine - H\u00e9bergement, restauration, location de salle.\" \/>\n<meta property=\"og:url\" content=\"https:\/\/chaityfontaine.eu\/nl\/privacy\/\" \/>\n<meta property=\"og:site_name\" content=\"Chaityfontaine\" \/>\n<meta property=\"article:modified_time\" content=\"2024-02-18T16:19:38+00:00\" \/>\n<meta property=\"og:image\" content=\"https:\/\/chaityfontaine.eu\/wp-content\/uploads\/2024\/01\/cropped-Logo-Chaityfontaine-sans-texte.png\" \/>\n<meta name=\"twitter:card\" content=\"summary_large_image\" \/>\n<meta name=\"twitter:label1\" content=\"Geschatte leestijd\" \/>\n\t<meta name=\"twitter:data1\" content=\"7 minuten\" \/>\n<script type=\"application\/ld+json\" class=\"yoast-schema-graph\">{\"@context\":\"https:\/\/schema.org\",\"@graph\":[{\"@type\":\"WebPage\",\"@id\":\"https:\/\/chaityfontaine.eu\/nl\/privacy\/\",\"url\":\"https:\/\/chaityfontaine.eu\/nl\/privacy\/\",\"name\":\"Privacy (in het Frans) - Chaityfontaine\",\"isPartOf\":{\"@id\":\"https:\/\/chaityfontaine.eu\/nl\/#website\"},\"primaryImageOfPage\":{\"@id\":\"https:\/\/chaityfontaine.eu\/nl\/privacy\/#primaryimage\"},\"image\":{\"@id\":\"https:\/\/chaityfontaine.eu\/nl\/privacy\/#primaryimage\"},\"thumbnailUrl\":\"https:\/\/chaityfontaine.eu\/wp-content\/uploads\/2024\/01\/cropped-Logo-Chaityfontaine-sans-texte.png\",\"datePublished\":\"2024-01-09T10:52:04+00:00\",\"dateModified\":\"2024-02-18T16:19:38+00:00\",\"description\":\"Politique de traitement des donn\u00e9es \u00e0 caract\u00e8re personnel de l'asbl Chaityfontaine - H\u00e9bergement, restauration, location de salle.\",\"breadcrumb\":{\"@id\":\"https:\/\/chaityfontaine.eu\/nl\/privacy\/#breadcrumb\"},\"inLanguage\":\"nl-NL\",\"potentialAction\":[{\"@type\":\"ReadAction\",\"target\":[\"https:\/\/chaityfontaine.eu\/nl\/privacy\/\"]}]},{\"@type\":\"ImageObject\",\"inLanguage\":\"nl-NL\",\"@id\":\"https:\/\/chaityfontaine.eu\/nl\/privacy\/#primaryimage\",\"url\":\"https:\/\/chaityfontaine.eu\/wp-content\/uploads\/2024\/01\/cropped-Logo-Chaityfontaine-sans-texte.png\",\"contentUrl\":\"https:\/\/chaityfontaine.eu\/wp-content\/uploads\/2024\/01\/cropped-Logo-Chaityfontaine-sans-texte.png\"},{\"@type\":\"BreadcrumbList\",\"@id\":\"https:\/\/chaityfontaine.eu\/nl\/privacy\/#breadcrumb\",\"itemListElement\":[{\"@type\":\"ListItem\",\"position\":1,\"name\":\"Accueil\",\"item\":\"https:\/\/chaityfontaine.eu\/nl\/\"},{\"@type\":\"ListItem\",\"position\":2,\"name\":\"Privacy (in het Frans)\"}]},{\"@type\":\"WebSite\",\"@id\":\"https:\/\/chaityfontaine.eu\/nl\/#website\",\"url\":\"https:\/\/chaityfontaine.eu\/nl\/\",\"name\":\"Chaityfontaine\",\"description\":\"H\u00f4tel ** - Banneux\",\"publisher\":{\"@id\":\"https:\/\/chaityfontaine.eu\/nl\/#organization\"},\"potentialAction\":[{\"@type\":\"SearchAction\",\"target\":{\"@type\":\"EntryPoint\",\"urlTemplate\":\"https:\/\/chaityfontaine.eu\/nl\/?s={search_term_string}\"},\"query-input\":{\"@type\":\"PropertyValueSpecification\",\"valueRequired\":true,\"valueName\":\"search_term_string\"}}],\"inLanguage\":\"nl-NL\"},{\"@type\":\"Organization\",\"@id\":\"https:\/\/chaityfontaine.eu\/nl\/#organization\",\"name\":\"Chaityfontaine\",\"url\":\"https:\/\/chaityfontaine.eu\/nl\/\",\"logo\":{\"@type\":\"ImageObject\",\"inLanguage\":\"nl-NL\",\"@id\":\"https:\/\/chaityfontaine.eu\/nl\/#\/schema\/logo\/image\/\",\"url\":\"https:\/\/chaityfontaine.eu\/wp-content\/uploads\/2024\/01\/cropped-Logo-Chaityfontaine-sans-texte.png\",\"contentUrl\":\"https:\/\/chaityfontaine.eu\/wp-content\/uploads\/2024\/01\/cropped-Logo-Chaityfontaine-sans-texte.png\",\"width\":153,\"height\":74,\"caption\":\"Chaityfontaine\"},\"image\":{\"@id\":\"https:\/\/chaityfontaine.eu\/nl\/#\/schema\/logo\/image\/\"}}]}<\/script>\n<!-- \/ Yoast SEO plugin. -->","yoast_head_json":{"title":"Privacy (in het Frans) - Chaityfontaine","description":"Politique de traitement des donn\u00e9es \u00e0 caract\u00e8re personnel de l'asbl Chaityfontaine - H\u00e9bergement, restauration, location de salle.","robots":{"index":"index","follow":"follow","max-snippet":"max-snippet:-1","max-image-preview":"max-image-preview:large","max-video-preview":"max-video-preview:-1"},"canonical":"https:\/\/chaityfontaine.eu\/nl\/privacy\/","og_locale":"nl_NL","og_type":"article","og_title":"Privacy (in het Frans) - Chaityfontaine","og_description":"Politique de traitement des donn\u00e9es \u00e0 caract\u00e8re personnel de l'asbl Chaityfontaine - H\u00e9bergement, restauration, location de salle.","og_url":"https:\/\/chaityfontaine.eu\/nl\/privacy\/","og_site_name":"Chaityfontaine","article_modified_time":"2024-02-18T16:19:38+00:00","og_image":[{"url":"https:\/\/chaityfontaine.eu\/wp-content\/uploads\/2024\/01\/cropped-Logo-Chaityfontaine-sans-texte.png","type":"","width":"","height":""}],"twitter_card":"summary_large_image","twitter_misc":{"Geschatte leestijd":"7 minuten"},"schema":{"@context":"https:\/\/schema.org","@graph":[{"@type":"WebPage","@id":"https:\/\/chaityfontaine.eu\/nl\/privacy\/","url":"https:\/\/chaityfontaine.eu\/nl\/privacy\/","name":"Privacy (in het Frans) - Chaityfontaine","isPartOf":{"@id":"https:\/\/chaityfontaine.eu\/nl\/#website"},"primaryImageOfPage":{"@id":"https:\/\/chaityfontaine.eu\/nl\/privacy\/#primaryimage"},"image":{"@id":"https:\/\/chaityfontaine.eu\/nl\/privacy\/#primaryimage"},"thumbnailUrl":"https:\/\/chaityfontaine.eu\/wp-content\/uploads\/2024\/01\/cropped-Logo-Chaityfontaine-sans-texte.png","datePublished":"2024-01-09T10:52:04+00:00","dateModified":"2024-02-18T16:19:38+00:00","description":"Politique de traitement des donn\u00e9es \u00e0 caract\u00e8re personnel de l'asbl Chaityfontaine - H\u00e9bergement, restauration, location de salle.","breadcrumb":{"@id":"https:\/\/chaityfontaine.eu\/nl\/privacy\/#breadcrumb"},"inLanguage":"nl-NL","potentialAction":[{"@type":"ReadAction","target":["https:\/\/chaityfontaine.eu\/nl\/privacy\/"]}]},{"@type":"ImageObject","inLanguage":"nl-NL","@id":"https:\/\/chaityfontaine.eu\/nl\/privacy\/#primaryimage","url":"https:\/\/chaityfontaine.eu\/wp-content\/uploads\/2024\/01\/cropped-Logo-Chaityfontaine-sans-texte.png","contentUrl":"https:\/\/chaityfontaine.eu\/wp-content\/uploads\/2024\/01\/cropped-Logo-Chaityfontaine-sans-texte.png"},{"@type":"BreadcrumbList","@id":"https:\/\/chaityfontaine.eu\/nl\/privacy\/#breadcrumb","itemListElement":[{"@type":"ListItem","position":1,"name":"Accueil","item":"https:\/\/chaityfontaine.eu\/nl\/"},{"@type":"ListItem","position":2,"name":"Privacy (in het Frans)"}]},{"@type":"WebSite","@id":"https:\/\/chaityfontaine.eu\/nl\/#website","url":"https:\/\/chaityfontaine.eu\/nl\/","name":"Chaityfontaine","description":"H\u00f4tel ** - Banneux","publisher":{"@id":"https:\/\/chaityfontaine.eu\/nl\/#organization"},"potentialAction":[{"@type":"SearchAction","target":{"@type":"EntryPoint","urlTemplate":"https:\/\/chaityfontaine.eu\/nl\/?s={search_term_string}"},"query-input":{"@type":"PropertyValueSpecification","valueRequired":true,"valueName":"search_term_string"}}],"inLanguage":"nl-NL"},{"@type":"Organization","@id":"https:\/\/chaityfontaine.eu\/nl\/#organization","name":"Chaityfontaine","url":"https:\/\/chaityfontaine.eu\/nl\/","logo":{"@type":"ImageObject","inLanguage":"nl-NL","@id":"https:\/\/chaityfontaine.eu\/nl\/#\/schema\/logo\/image\/","url":"https:\/\/chaityfontaine.eu\/wp-content\/uploads\/2024\/01\/cropped-Logo-Chaityfontaine-sans-texte.png","contentUrl":"https:\/\/chaityfontaine.eu\/wp-content\/uploads\/2024\/01\/cropped-Logo-Chaityfontaine-sans-texte.png","width":153,"height":74,"caption":"Chaityfontaine"},"image":{"@id":"https:\/\/chaityfontaine.eu\/nl\/#\/schema\/logo\/image\/"}}]}},"jetpack_sharing_enabled":true,"_links":{"self":[{"href":"https:\/\/chaityfontaine.eu\/nl\/wp-json\/wp\/v2\/pages\/30585","targetHints":{"allow":["GET"]}}],"collection":[{"href":"https:\/\/chaityfontaine.eu\/nl\/wp-json\/wp\/v2\/pages"}],"about":[{"href":"https:\/\/chaityfontaine.eu\/nl\/wp-json\/wp\/v2\/types\/page"}],"author":[{"embeddable":true,"href":"https:\/\/chaityfontaine.eu\/nl\/wp-json\/wp\/v2\/users\/2"}],"replies":[{"embeddable":true,"href":"https:\/\/chaityfontaine.eu\/nl\/wp-json\/wp\/v2\/comments?post=30585"}],"version-history":[{"count":2,"href":"https:\/\/chaityfontaine.eu\/nl\/wp-json\/wp\/v2\/pages\/30585\/revisions"}],"predecessor-version":[{"id":30668,"href":"https:\/\/chaityfontaine.eu\/nl\/wp-json\/wp\/v2\/pages\/30585\/revisions\/30668"}],"wp:attachment":[{"href":"https:\/\/chaityfontaine.eu\/nl\/wp-json\/wp\/v2\/media?parent=30585"}],"curies":[{"name":"wp","href":"https:\/\/api.w.org\/{rel}","templated":true}]}}